{"id":4835,"date":"2025-07-04T11:39:33","date_gmt":"2025-07-04T14:39:33","guid":{"rendered":"https:\/\/www.flacunhasemijoias.com.br\/loja\/?post_type=product&#038;p=4835"},"modified":"2025-09-23T14:40:49","modified_gmt":"2025-09-23T17:40:49","slug":"colar-pedra-do-sol-espirito-santo-banhado-ouro-18k","status":"publish","type":"product","link":"https:\/\/www.flacunhasemijoias.com.br\/loja\/produto\/colar-pedra-do-sol-espirito-santo-banhado-ouro-18k\/","title":{"rendered":"Colar Pedra do Sol com Esp\u00edrito Santo em Madrep\u00e9rola Banhado a Ouro18k"},"content":{"rendered":"<p>Colar pedra do sol com Esp\u00edrito Santo em madrep\u00e9rola e medalhas, banhado a ouro 18k.<\/p>\n","protected":false},"excerpt":{"rendered":"<p>Colar pedra do sol com Esp\u00edrito Santo em madrep\u00e9rola e medalhas, banhado a ouro 18k.<\/p>\n","protected":false},"featured_media":4836,"template":"","meta":[],"product_brand":[],"product_cat":[46],"product_tag":[72,201,62,264,265,54],"class_list":{"0":"post-4835","1":"product","2":"type-product","3":"status-publish","4":"has-post-thumbnail","6":"product_cat-colares","7":"product_tag-cravejado","8":"product_tag-espirito-santo","9":"product_tag-folheado","10":"product_tag-medalhas","11":"product_tag-pedra-do-sol","12":"product_tag-zirconia","14":"first","15":"outofstock","16":"shipping-taxable","17":"purchasable","18":"product-type-simple"},"aioseo_notices":[],"_links":{"self":[{"href":"https:\/\/www.flacunhasemijoias.com.br\/loja\/wp-json\/wp\/v2\/product\/4835","targetHints":{"allow":["GET"]}}],"collection":[{"href":"https:\/\/www.flacunhasemijoias.com.br\/loja\/wp-json\/wp\/v2\/product"}],"about":[{"href":"https:\/\/www.flacunhasemijoias.com.br\/loja\/wp-json\/wp\/v2\/types\/product"}],"wp:featuredmedia":[{"embeddable":true,"href":"https:\/\/www.flacunhasemijoias.com.br\/loja\/wp-json\/wp\/v2\/media\/4836"}],"wp:attachment":[{"href":"https:\/\/www.flacunhasemijoias.com.br\/loja\/wp-json\/wp\/v2\/media?parent=4835"}],"wp:term":[{"taxonomy":"product_brand","embeddable":true,"href":"https:\/\/www.flacunhasemijoias.com.br\/loja\/wp-json\/wp\/v2\/product_brand?post=4835"},{"taxonomy":"product_cat","embeddable":true,"href":"https:\/\/www.flacunhasemijoias.com.br\/loja\/wp-json\/wp\/v2\/product_cat?post=4835"},{"taxonomy":"product_tag","embeddable":true,"href":"https:\/\/www.flacunhasemijoias.com.br\/loja\/wp-json\/wp\/v2\/product_tag?post=4835"}],"curies":[{"name":"wp","href":"https:\/\/api.w.org\/{rel}","templated":true}]}}