{"id":4850,"date":"2025-07-04T14:38:37","date_gmt":"2025-07-04T17:38:37","guid":{"rendered":"https:\/\/www.flacunhasemijoias.com.br\/loja\/?post_type=product&#038;p=4850"},"modified":"2025-07-24T17:52:24","modified_gmt":"2025-07-24T20:52:24","slug":"colar-trevo-onix-preta-prata-925","status":"publish","type":"product","link":"https:\/\/www.flacunhasemijoias.com.br\/loja\/produto\/colar-trevo-onix-preta-prata-925\/","title":{"rendered":"Colar Trevo \u00d4nix com Crava\u00e7\u00e3o em Volta em Prata 925"},"content":{"rendered":"<p>Colar elos portugueses com trevo em \u00f4nix cravejado em volta com zirc\u00f4nias brancas em prata 925.<\/p>\n","protected":false},"excerpt":{"rendered":"<p>Colar elos portugueses com trevo em \u00f4nix cravejado em volta com zirc\u00f4nias brancas em prata 925.<\/p>\n","protected":false},"featured_media":4851,"template":"","meta":[],"product_brand":[],"product_cat":[46],"product_tag":[85,72,141,266,54],"class_list":{"0":"post-4850","1":"product","2":"type-product","3":"status-publish","4":"has-post-thumbnail","6":"product_cat-colares","7":"product_tag-colar","8":"product_tag-cravejado","9":"product_tag-prata-925","10":"product_tag-trevo","11":"product_tag-zirconia","13":"first","14":"outofstock","15":"shipping-taxable","16":"purchasable","17":"product-type-simple"},"aioseo_notices":[],"_links":{"self":[{"href":"https:\/\/www.flacunhasemijoias.com.br\/loja\/wp-json\/wp\/v2\/product\/4850","targetHints":{"allow":["GET"]}}],"collection":[{"href":"https:\/\/www.flacunhasemijoias.com.br\/loja\/wp-json\/wp\/v2\/product"}],"about":[{"href":"https:\/\/www.flacunhasemijoias.com.br\/loja\/wp-json\/wp\/v2\/types\/product"}],"wp:featuredmedia":[{"embeddable":true,"href":"https:\/\/www.flacunhasemijoias.com.br\/loja\/wp-json\/wp\/v2\/media\/4851"}],"wp:attachment":[{"href":"https:\/\/www.flacunhasemijoias.com.br\/loja\/wp-json\/wp\/v2\/media?parent=4850"}],"wp:term":[{"taxonomy":"product_brand","embeddable":true,"href":"https:\/\/www.flacunhasemijoias.com.br\/loja\/wp-json\/wp\/v2\/product_brand?post=4850"},{"taxonomy":"product_cat","embeddable":true,"href":"https:\/\/www.flacunhasemijoias.com.br\/loja\/wp-json\/wp\/v2\/product_cat?post=4850"},{"taxonomy":"product_tag","embeddable":true,"href":"https:\/\/www.flacunhasemijoias.com.br\/loja\/wp-json\/wp\/v2\/product_tag?post=4850"}],"curies":[{"name":"wp","href":"https:\/\/api.w.org\/{rel}","templated":true}]}}