{"id":4861,"date":"2025-07-04T15:19:55","date_gmt":"2025-07-04T18:19:55","guid":{"rendered":"https:\/\/www.flacunhasemijoias.com.br\/loja\/?post_type=product&#038;p=4861"},"modified":"2025-09-24T15:23:24","modified_gmt":"2025-09-24T18:23:24","slug":"colar-gota-esmeralda-pizza-baguetado-prata-925","status":"publish","type":"product","link":"https:\/\/www.flacunhasemijoias.com.br\/loja\/produto\/colar-gota-esmeralda-pizza-baguetado-prata-925\/","title":{"rendered":"Colar Gota Esmeralda 5mm Pizza Baguetado com Ponto de Luz em Prata 925"},"content":{"rendered":"<p>Colar gota de esmeralda 5mm, pizza baguetado Crava\u00e7\u00e3o em volta de zirc\u00f4nias brancas e ponto de luz em prata 925.<\/p>\n","protected":false},"excerpt":{"rendered":"<p>Colar gota de esmeralda 5mm, pizza baguetado Crava\u00e7\u00e3o em volta de zirc\u00f4nias brancas e ponto de luz em prata 925.<\/p>\n","protected":false},"featured_media":4862,"template":"","meta":[],"product_brand":[],"product_cat":[46],"product_tag":[130,85,72,77,107,141,54],"class_list":{"0":"post-4861","1":"product","2":"type-product","3":"status-publish","4":"has-post-thumbnail","6":"product_cat-colares","7":"product_tag-baguete","8":"product_tag-colar","9":"product_tag-cravejado","10":"product_tag-esmeralda","11":"product_tag-ponto-luz","12":"product_tag-prata-925","13":"product_tag-zirconia","15":"first","16":"outofstock","17":"shipping-taxable","18":"purchasable","19":"product-type-simple"},"aioseo_notices":[],"_links":{"self":[{"href":"https:\/\/www.flacunhasemijoias.com.br\/loja\/wp-json\/wp\/v2\/product\/4861","targetHints":{"allow":["GET"]}}],"collection":[{"href":"https:\/\/www.flacunhasemijoias.com.br\/loja\/wp-json\/wp\/v2\/product"}],"about":[{"href":"https:\/\/www.flacunhasemijoias.com.br\/loja\/wp-json\/wp\/v2\/types\/product"}],"wp:featuredmedia":[{"embeddable":true,"href":"https:\/\/www.flacunhasemijoias.com.br\/loja\/wp-json\/wp\/v2\/media\/4862"}],"wp:attachment":[{"href":"https:\/\/www.flacunhasemijoias.com.br\/loja\/wp-json\/wp\/v2\/media?parent=4861"}],"wp:term":[{"taxonomy":"product_brand","embeddable":true,"href":"https:\/\/www.flacunhasemijoias.com.br\/loja\/wp-json\/wp\/v2\/product_brand?post=4861"},{"taxonomy":"product_cat","embeddable":true,"href":"https:\/\/www.flacunhasemijoias.com.br\/loja\/wp-json\/wp\/v2\/product_cat?post=4861"},{"taxonomy":"product_tag","embeddable":true,"href":"https:\/\/www.flacunhasemijoias.com.br\/loja\/wp-json\/wp\/v2\/product_tag?post=4861"}],"curies":[{"name":"wp","href":"https:\/\/api.w.org\/{rel}","templated":true}]}}