{"id":4865,"date":"2025-07-04T15:26:08","date_gmt":"2025-07-04T18:26:08","guid":{"rendered":"https:\/\/www.flacunhasemijoias.com.br\/loja\/?post_type=product&#038;p=4865"},"modified":"2025-07-24T17:52:23","modified_gmt":"2025-07-24T20:52:23","slug":"colar-gota-esmeralda-prata-925","status":"publish","type":"product","link":"https:\/\/www.flacunhasemijoias.com.br\/loja\/produto\/colar-gota-esmeralda-prata-925\/","title":{"rendered":"Colar Gota Esmeralda com Zirc\u00f4nias em Prata 925"},"content":{"rendered":"<p>Colar veneziana gota esmeralda 5mm, duas fileiras com crava\u00e7\u00e3o princesa, com 45cm de comprimento em prata 925.<\/p>\n","protected":false},"excerpt":{"rendered":"<p>Colar veneziana gota esmeralda 5mm, duas fileiras com crava\u00e7\u00e3o princesa, com 45cm de comprimento em prata 925.<\/p>\n","protected":false},"featured_media":4866,"template":"","meta":[],"product_brand":[],"product_cat":[46],"product_tag":[85,72,77,141,54],"class_list":{"0":"post-4865","1":"product","2":"type-product","3":"status-publish","4":"has-post-thumbnail","6":"product_cat-colares","7":"product_tag-colar","8":"product_tag-cravejado","9":"product_tag-esmeralda","10":"product_tag-prata-925","11":"product_tag-zirconia","13":"first","14":"instock","15":"shipping-taxable","16":"purchasable","17":"product-type-simple"},"aioseo_notices":[],"_links":{"self":[{"href":"https:\/\/www.flacunhasemijoias.com.br\/loja\/wp-json\/wp\/v2\/product\/4865","targetHints":{"allow":["GET"]}}],"collection":[{"href":"https:\/\/www.flacunhasemijoias.com.br\/loja\/wp-json\/wp\/v2\/product"}],"about":[{"href":"https:\/\/www.flacunhasemijoias.com.br\/loja\/wp-json\/wp\/v2\/types\/product"}],"wp:featuredmedia":[{"embeddable":true,"href":"https:\/\/www.flacunhasemijoias.com.br\/loja\/wp-json\/wp\/v2\/media\/4866"}],"wp:attachment":[{"href":"https:\/\/www.flacunhasemijoias.com.br\/loja\/wp-json\/wp\/v2\/media?parent=4865"}],"wp:term":[{"taxonomy":"product_brand","embeddable":true,"href":"https:\/\/www.flacunhasemijoias.com.br\/loja\/wp-json\/wp\/v2\/product_brand?post=4865"},{"taxonomy":"product_cat","embeddable":true,"href":"https:\/\/www.flacunhasemijoias.com.br\/loja\/wp-json\/wp\/v2\/product_cat?post=4865"},{"taxonomy":"product_tag","embeddable":true,"href":"https:\/\/www.flacunhasemijoias.com.br\/loja\/wp-json\/wp\/v2\/product_tag?post=4865"}],"curies":[{"name":"wp","href":"https:\/\/api.w.org\/{rel}","templated":true}]}}