{"id":4897,"date":"2025-07-05T11:47:21","date_gmt":"2025-07-05T14:47:21","guid":{"rendered":"https:\/\/www.flacunhasemijoias.com.br\/loja\/?post_type=product&#038;p=4897"},"modified":"2025-12-13T14:23:32","modified_gmt":"2025-12-13T17:23:32","slug":"argola-coracoes-olho-de-tigre-banhado-ouro-18k","status":"publish","type":"product","link":"https:\/\/www.flacunhasemijoias.com.br\/loja\/produto\/argola-coracoes-olho-de-tigre-banhado-ouro-18k\/","title":{"rendered":"Argola com Cora\u00e7\u00f5es de Olho de Tigre Banhado a Ouro18k"},"content":{"rendered":"<p>Argola com cora\u00e7\u00f5es de olho de tigre banhado a ouro 18k.<\/p>\n","protected":false},"excerpt":{"rendered":"<p>Argola com cora\u00e7\u00f5es de olho de tigre banhado a ouro 18k.<\/p>\n","protected":false},"featured_media":4898,"template":"","meta":[],"product_brand":[],"product_cat":[45],"product_tag":[136,66,113,62,144],"class_list":{"0":"post-4897","1":"product","2":"type-product","3":"status-publish","4":"has-post-thumbnail","6":"product_cat-brincos","7":"product_tag-argola","8":"product_tag-brinco","9":"product_tag-coracao","10":"product_tag-folheado","11":"product_tag-olho-de-tigre","13":"first","14":"outofstock","15":"shipping-taxable","16":"purchasable","17":"product-type-simple"},"aioseo_notices":[],"_links":{"self":[{"href":"https:\/\/www.flacunhasemijoias.com.br\/loja\/wp-json\/wp\/v2\/product\/4897","targetHints":{"allow":["GET"]}}],"collection":[{"href":"https:\/\/www.flacunhasemijoias.com.br\/loja\/wp-json\/wp\/v2\/product"}],"about":[{"href":"https:\/\/www.flacunhasemijoias.com.br\/loja\/wp-json\/wp\/v2\/types\/product"}],"wp:featuredmedia":[{"embeddable":true,"href":"https:\/\/www.flacunhasemijoias.com.br\/loja\/wp-json\/wp\/v2\/media\/4898"}],"wp:attachment":[{"href":"https:\/\/www.flacunhasemijoias.com.br\/loja\/wp-json\/wp\/v2\/media?parent=4897"}],"wp:term":[{"taxonomy":"product_brand","embeddable":true,"href":"https:\/\/www.flacunhasemijoias.com.br\/loja\/wp-json\/wp\/v2\/product_brand?post=4897"},{"taxonomy":"product_cat","embeddable":true,"href":"https:\/\/www.flacunhasemijoias.com.br\/loja\/wp-json\/wp\/v2\/product_cat?post=4897"},{"taxonomy":"product_tag","embeddable":true,"href":"https:\/\/www.flacunhasemijoias.com.br\/loja\/wp-json\/wp\/v2\/product_tag?post=4897"}],"curies":[{"name":"wp","href":"https:\/\/api.w.org\/{rel}","templated":true}]}}