{"id":4958,"date":"2025-07-10T12:20:00","date_gmt":"2025-07-10T15:20:00","guid":{"rendered":"https:\/\/www.flacunhasemijoias.com.br\/loja\/?post_type=product&#038;p=4958"},"modified":"2026-02-12T14:32:58","modified_gmt":"2026-02-12T17:32:58","slug":"ear-cuff-3-gotas-zirconias-brancas-prata-925","status":"publish","type":"product","link":"https:\/\/www.flacunhasemijoias.com.br\/loja\/produto\/ear-cuff-3-gotas-zirconias-brancas-prata-925\/","title":{"rendered":"Brinco Ear Cuff 3 Gotas de Zirc\u00f4nias Brancas em Prata 925"},"content":{"rendered":"<p>Brinco ear cuff com tr\u00eas gotas de zirc\u00f4nias brancas, com crava\u00e7\u00e3o em volta, em prata 925.<\/p>\n","protected":false},"excerpt":{"rendered":"<p>Brinco ear cuff com tr\u00eas gotas de zirc\u00f4nias brancas, com crava\u00e7\u00e3o em volta, em prata 925.<\/p>\n","protected":false},"featured_media":4959,"template":"","meta":[],"product_brand":[],"product_cat":[45],"product_tag":[66,72,186,141,54],"class_list":{"0":"post-4958","1":"product","2":"type-product","3":"status-publish","4":"has-post-thumbnail","6":"product_cat-brincos","7":"product_tag-brinco","8":"product_tag-cravejado","9":"product_tag-gotas","10":"product_tag-prata-925","11":"product_tag-zirconia","13":"first","14":"instock","15":"shipping-taxable","16":"purchasable","17":"product-type-simple"},"aioseo_notices":[],"_links":{"self":[{"href":"https:\/\/www.flacunhasemijoias.com.br\/loja\/wp-json\/wp\/v2\/product\/4958","targetHints":{"allow":["GET"]}}],"collection":[{"href":"https:\/\/www.flacunhasemijoias.com.br\/loja\/wp-json\/wp\/v2\/product"}],"about":[{"href":"https:\/\/www.flacunhasemijoias.com.br\/loja\/wp-json\/wp\/v2\/types\/product"}],"wp:featuredmedia":[{"embeddable":true,"href":"https:\/\/www.flacunhasemijoias.com.br\/loja\/wp-json\/wp\/v2\/media\/4959"}],"wp:attachment":[{"href":"https:\/\/www.flacunhasemijoias.com.br\/loja\/wp-json\/wp\/v2\/media?parent=4958"}],"wp:term":[{"taxonomy":"product_brand","embeddable":true,"href":"https:\/\/www.flacunhasemijoias.com.br\/loja\/wp-json\/wp\/v2\/product_brand?post=4958"},{"taxonomy":"product_cat","embeddable":true,"href":"https:\/\/www.flacunhasemijoias.com.br\/loja\/wp-json\/wp\/v2\/product_cat?post=4958"},{"taxonomy":"product_tag","embeddable":true,"href":"https:\/\/www.flacunhasemijoias.com.br\/loja\/wp-json\/wp\/v2\/product_tag?post=4958"}],"curies":[{"name":"wp","href":"https:\/\/api.w.org\/{rel}","templated":true}]}}