{"id":4973,"date":"2025-07-10T14:43:22","date_gmt":"2025-07-10T17:43:22","guid":{"rendered":"https:\/\/www.flacunhasemijoias.com.br\/loja\/?post_type=product&#038;p=4973"},"modified":"2025-07-24T17:34:32","modified_gmt":"2025-07-24T20:34:32","slug":"anel-raiado-cravacao-zirconias-prata-925-com-banho-de-ouro-18k","status":"publish","type":"product","link":"https:\/\/www.flacunhasemijoias.com.br\/loja\/produto\/anel-raiado-cravacao-zirconias-prata-925-com-banho-de-ouro-18k\/","title":{"rendered":"Anel Raiado com Crava\u00e7\u00e3o Central de Zirc\u00f4nias em Prata 925 com Banho de Ouro18k"},"content":{"rendered":"<p>Anel raiado, crava\u00e7\u00e3o central de zirc\u00f4nias, em prata 925 com banho de ouro 18k.<\/p>\n","protected":false},"excerpt":{"rendered":"<p>Anel raiado, crava\u00e7\u00e3o central de zirc\u00f4nias, em prata 925 com banho de ouro 18k.<\/p>\n","protected":false},"featured_media":4974,"template":"","meta":[],"product_brand":[],"product_cat":[213],"product_tag":[65,72,62,141,54],"class_list":{"0":"post-4973","1":"product","2":"type-product","3":"status-publish","4":"has-post-thumbnail","6":"product_cat-aneis","7":"product_tag-anel","8":"product_tag-cravejado","9":"product_tag-folheado","10":"product_tag-prata-925","11":"product_tag-zirconia","12":"pa_numero-37","14":"first","15":"instock","16":"shipping-taxable","17":"purchasable","18":"product-type-variable"},"aioseo_notices":[],"_links":{"self":[{"href":"https:\/\/www.flacunhasemijoias.com.br\/loja\/wp-json\/wp\/v2\/product\/4973","targetHints":{"allow":["GET"]}}],"collection":[{"href":"https:\/\/www.flacunhasemijoias.com.br\/loja\/wp-json\/wp\/v2\/product"}],"about":[{"href":"https:\/\/www.flacunhasemijoias.com.br\/loja\/wp-json\/wp\/v2\/types\/product"}],"wp:featuredmedia":[{"embeddable":true,"href":"https:\/\/www.flacunhasemijoias.com.br\/loja\/wp-json\/wp\/v2\/media\/4974"}],"wp:attachment":[{"href":"https:\/\/www.flacunhasemijoias.com.br\/loja\/wp-json\/wp\/v2\/media?parent=4973"}],"wp:term":[{"taxonomy":"product_brand","embeddable":true,"href":"https:\/\/www.flacunhasemijoias.com.br\/loja\/wp-json\/wp\/v2\/product_brand?post=4973"},{"taxonomy":"product_cat","embeddable":true,"href":"https:\/\/www.flacunhasemijoias.com.br\/loja\/wp-json\/wp\/v2\/product_cat?post=4973"},{"taxonomy":"product_tag","embeddable":true,"href":"https:\/\/www.flacunhasemijoias.com.br\/loja\/wp-json\/wp\/v2\/product_tag?post=4973"}],"curies":[{"name":"wp","href":"https:\/\/api.w.org\/{rel}","templated":true}]}}