{"id":5017,"date":"2025-07-17T15:46:08","date_gmt":"2025-07-17T18:46:08","guid":{"rendered":"https:\/\/www.flacunhasemijoias.com.br\/loja\/?post_type=product&#038;p=5017"},"modified":"2025-11-29T10:17:39","modified_gmt":"2025-11-29T13:17:39","slug":"anel-frisado-coracao-prata-925-com-banho-de-ouro18k","status":"publish","type":"product","link":"https:\/\/www.flacunhasemijoias.com.br\/loja\/produto\/anel-frisado-coracao-prata-925-com-banho-de-ouro18k\/","title":{"rendered":"Anel Frisado Cora\u00e7\u00e3o Prata 925 com Banho de Ouro18k"},"content":{"rendered":"<p>Anel frisado cora\u00e7\u00e3o cravejado com zirc\u00f4nias brancas, em prata 925 e banho de ouro 18k.<\/p>\n","protected":false},"excerpt":{"rendered":"<p>Anel frisado cora\u00e7\u00e3o cravejado com zirc\u00f4nias brancas, em prata 925 e banho de ouro 18k.<\/p>\n","protected":false},"featured_media":5102,"template":"","meta":[],"product_brand":[],"product_cat":[213],"product_tag":[65,72,62,141,54],"class_list":{"0":"post-5017","1":"product","2":"type-product","3":"status-publish","4":"has-post-thumbnail","6":"product_cat-aneis","7":"product_tag-anel","8":"product_tag-cravejado","9":"product_tag-folheado","10":"product_tag-prata-925","11":"product_tag-zirconia","12":"pa_numero-33","13":"pa_numero-35","14":"pa_numero-37","16":"first","17":"instock","18":"shipping-taxable","19":"purchasable","20":"product-type-variable"},"aioseo_notices":[],"_links":{"self":[{"href":"https:\/\/www.flacunhasemijoias.com.br\/loja\/wp-json\/wp\/v2\/product\/5017","targetHints":{"allow":["GET"]}}],"collection":[{"href":"https:\/\/www.flacunhasemijoias.com.br\/loja\/wp-json\/wp\/v2\/product"}],"about":[{"href":"https:\/\/www.flacunhasemijoias.com.br\/loja\/wp-json\/wp\/v2\/types\/product"}],"wp:featuredmedia":[{"embeddable":true,"href":"https:\/\/www.flacunhasemijoias.com.br\/loja\/wp-json\/wp\/v2\/media\/5102"}],"wp:attachment":[{"href":"https:\/\/www.flacunhasemijoias.com.br\/loja\/wp-json\/wp\/v2\/media?parent=5017"}],"wp:term":[{"taxonomy":"product_brand","embeddable":true,"href":"https:\/\/www.flacunhasemijoias.com.br\/loja\/wp-json\/wp\/v2\/product_brand?post=5017"},{"taxonomy":"product_cat","embeddable":true,"href":"https:\/\/www.flacunhasemijoias.com.br\/loja\/wp-json\/wp\/v2\/product_cat?post=5017"},{"taxonomy":"product_tag","embeddable":true,"href":"https:\/\/www.flacunhasemijoias.com.br\/loja\/wp-json\/wp\/v2\/product_tag?post=5017"}],"curies":[{"name":"wp","href":"https:\/\/api.w.org\/{rel}","templated":true}]}}