{"id":5224,"date":"2025-07-23T16:19:50","date_gmt":"2025-07-23T19:19:50","guid":{"rendered":"https:\/\/www.flacunhasemijoias.com.br\/loja\/?post_type=product&#038;p=5224"},"modified":"2026-01-16T18:24:05","modified_gmt":"2026-01-16T21:24:05","slug":"anel-gota-zirconia-rosa-rodio-branco","status":"publish","type":"product","link":"https:\/\/www.flacunhasemijoias.com.br\/loja\/produto\/anel-gota-zirconia-rosa-rodio-branco\/","title":{"rendered":"Anel Gota Zirc\u00f4nia Rosa R\u00f3dio Branco"},"content":{"rendered":"<p>Anel gota rosa cravejada com zirc\u00f4nias brancas, em r\u00f3dio branco.<\/p>\n","protected":false},"excerpt":{"rendered":"<p>Anel gota rosa cravejada com zirc\u00f4nias brancas, em r\u00f3dio branco.<\/p>\n","protected":false},"featured_media":5226,"template":"","meta":[],"product_brand":[],"product_cat":[213],"product_tag":[65,72,160,54,274],"class_list":{"0":"post-5224","1":"product","2":"type-product","3":"status-publish","4":"has-post-thumbnail","6":"product_cat-aneis","7":"product_tag-anel","8":"product_tag-cravejado","9":"product_tag-rodio-branco","10":"product_tag-zirconia","11":"product_tag-zirconia-rosa","12":"pa_numero-31","14":"first","15":"outofstock","16":"shipping-taxable","17":"purchasable","18":"product-type-variable"},"aioseo_notices":[],"_links":{"self":[{"href":"https:\/\/www.flacunhasemijoias.com.br\/loja\/wp-json\/wp\/v2\/product\/5224","targetHints":{"allow":["GET"]}}],"collection":[{"href":"https:\/\/www.flacunhasemijoias.com.br\/loja\/wp-json\/wp\/v2\/product"}],"about":[{"href":"https:\/\/www.flacunhasemijoias.com.br\/loja\/wp-json\/wp\/v2\/types\/product"}],"wp:featuredmedia":[{"embeddable":true,"href":"https:\/\/www.flacunhasemijoias.com.br\/loja\/wp-json\/wp\/v2\/media\/5226"}],"wp:attachment":[{"href":"https:\/\/www.flacunhasemijoias.com.br\/loja\/wp-json\/wp\/v2\/media?parent=5224"}],"wp:term":[{"taxonomy":"product_brand","embeddable":true,"href":"https:\/\/www.flacunhasemijoias.com.br\/loja\/wp-json\/wp\/v2\/product_brand?post=5224"},{"taxonomy":"product_cat","embeddable":true,"href":"https:\/\/www.flacunhasemijoias.com.br\/loja\/wp-json\/wp\/v2\/product_cat?post=5224"},{"taxonomy":"product_tag","embeddable":true,"href":"https:\/\/www.flacunhasemijoias.com.br\/loja\/wp-json\/wp\/v2\/product_tag?post=5224"}],"curies":[{"name":"wp","href":"https:\/\/api.w.org\/{rel}","templated":true}]}}