{"id":5410,"date":"2025-08-01T13:01:43","date_gmt":"2025-08-01T16:01:43","guid":{"rendered":"https:\/\/www.flacunhasemijoias.com.br\/loja\/?post_type=product&#038;p=5410"},"modified":"2025-08-06T13:18:49","modified_gmt":"2025-08-06T16:18:49","slug":"pulseira-trevo-madreperola-em-prata-925","status":"publish","type":"product","link":"https:\/\/www.flacunhasemijoias.com.br\/loja\/produto\/pulseira-trevo-madreperola-em-prata-925\/","title":{"rendered":"Pulseira 3 Trevos Madrep\u00e9rola em Prata 925"},"content":{"rendered":"<p>Pulseira 3 trevos madrep\u00e9rola cravejada com zirc\u00f4nias brancas, com 17cm, em prata 925.<\/p>\n","protected":false},"excerpt":{"rendered":"<p>Pulseira 3 trevos madrep\u00e9rola cravejada com zirc\u00f4nias brancas, com 17cm, em prata 925.<\/p>\n","protected":false},"featured_media":5411,"template":"","meta":[],"product_brand":[],"product_cat":[47],"product_tag":[283,72,282,141,73,54],"class_list":{"0":"post-5410","1":"product","2":"type-product","3":"status-publish","4":"has-post-thumbnail","6":"product_cat-pulseiras","7":"product_tag-3-trevos","8":"product_tag-cravejado","9":"product_tag-madreperola","10":"product_tag-prata-925","11":"product_tag-pulseira","12":"product_tag-zirconia","14":"first","15":"instock","16":"shipping-taxable","17":"purchasable","18":"product-type-simple"},"aioseo_notices":[],"_links":{"self":[{"href":"https:\/\/www.flacunhasemijoias.com.br\/loja\/wp-json\/wp\/v2\/product\/5410","targetHints":{"allow":["GET"]}}],"collection":[{"href":"https:\/\/www.flacunhasemijoias.com.br\/loja\/wp-json\/wp\/v2\/product"}],"about":[{"href":"https:\/\/www.flacunhasemijoias.com.br\/loja\/wp-json\/wp\/v2\/types\/product"}],"wp:featuredmedia":[{"embeddable":true,"href":"https:\/\/www.flacunhasemijoias.com.br\/loja\/wp-json\/wp\/v2\/media\/5411"}],"wp:attachment":[{"href":"https:\/\/www.flacunhasemijoias.com.br\/loja\/wp-json\/wp\/v2\/media?parent=5410"}],"wp:term":[{"taxonomy":"product_brand","embeddable":true,"href":"https:\/\/www.flacunhasemijoias.com.br\/loja\/wp-json\/wp\/v2\/product_brand?post=5410"},{"taxonomy":"product_cat","embeddable":true,"href":"https:\/\/www.flacunhasemijoias.com.br\/loja\/wp-json\/wp\/v2\/product_cat?post=5410"},{"taxonomy":"product_tag","embeddable":true,"href":"https:\/\/www.flacunhasemijoias.com.br\/loja\/wp-json\/wp\/v2\/product_tag?post=5410"}],"curies":[{"name":"wp","href":"https:\/\/api.w.org\/{rel}","templated":true}]}}