{"id":5418,"date":"2025-08-01T13:23:22","date_gmt":"2025-08-01T16:23:22","guid":{"rendered":"https:\/\/www.flacunhasemijoias.com.br\/loja\/?post_type=product&#038;p=5418"},"modified":"2026-02-21T13:27:03","modified_gmt":"2026-02-21T16:27:03","slug":"pulseira-4-petalas-em-prata-925-com-banho-de-ouro18k","status":"publish","type":"product","link":"https:\/\/www.flacunhasemijoias.com.br\/loja\/produto\/pulseira-4-petalas-em-prata-925-com-banho-de-ouro18k\/","title":{"rendered":"Pulseira 4 P\u00e9talas em Prata 925 com Banho de Ouro18k"},"content":{"rendered":"<p>Pulseira 4 p\u00e9talas cravejada com zirc\u00f4nias brancas, com 17cm, em prata 925 e banho de ouro 18k.<\/p>\n","protected":false},"excerpt":{"rendered":"<p>Pulseira 4 p\u00e9talas cravejada com zirc\u00f4nias brancas, com 17cm, em prata 925 e banho de ouro 18k.<\/p>\n","protected":false},"featured_media":5419,"template":"","meta":[],"product_brand":[],"product_cat":[47],"product_tag":[284,72,62,141,73,54],"class_list":{"0":"post-5418","1":"product","2":"type-product","3":"status-publish","4":"has-post-thumbnail","6":"product_cat-pulseiras","7":"product_tag-4-petalas","8":"product_tag-cravejado","9":"product_tag-folheado","10":"product_tag-prata-925","11":"product_tag-pulseira","12":"product_tag-zirconia","14":"first","15":"outofstock","16":"shipping-taxable","17":"purchasable","18":"product-type-simple"},"aioseo_notices":[],"_links":{"self":[{"href":"https:\/\/www.flacunhasemijoias.com.br\/loja\/wp-json\/wp\/v2\/product\/5418","targetHints":{"allow":["GET"]}}],"collection":[{"href":"https:\/\/www.flacunhasemijoias.com.br\/loja\/wp-json\/wp\/v2\/product"}],"about":[{"href":"https:\/\/www.flacunhasemijoias.com.br\/loja\/wp-json\/wp\/v2\/types\/product"}],"wp:featuredmedia":[{"embeddable":true,"href":"https:\/\/www.flacunhasemijoias.com.br\/loja\/wp-json\/wp\/v2\/media\/5419"}],"wp:attachment":[{"href":"https:\/\/www.flacunhasemijoias.com.br\/loja\/wp-json\/wp\/v2\/media?parent=5418"}],"wp:term":[{"taxonomy":"product_brand","embeddable":true,"href":"https:\/\/www.flacunhasemijoias.com.br\/loja\/wp-json\/wp\/v2\/product_brand?post=5418"},{"taxonomy":"product_cat","embeddable":true,"href":"https:\/\/www.flacunhasemijoias.com.br\/loja\/wp-json\/wp\/v2\/product_cat?post=5418"},{"taxonomy":"product_tag","embeddable":true,"href":"https:\/\/www.flacunhasemijoias.com.br\/loja\/wp-json\/wp\/v2\/product_tag?post=5418"}],"curies":[{"name":"wp","href":"https:\/\/api.w.org\/{rel}","templated":true}]}}