{"id":5427,"date":"2025-08-01T15:57:52","date_gmt":"2025-08-01T18:57:52","guid":{"rendered":"https:\/\/www.flacunhasemijoias.com.br\/loja\/?post_type=product&#038;p=5427"},"modified":"2026-02-06T10:02:26","modified_gmt":"2026-02-06T13:02:26","slug":"pulseira-riviera-gota-agua-marinha-em-prata-925","status":"publish","type":"product","link":"https:\/\/www.flacunhasemijoias.com.br\/loja\/produto\/pulseira-riviera-gota-agua-marinha-em-prata-925\/","title":{"rendered":"Pulseira Riviera Gota \u00c1gua Marinha em Prata 925"},"content":{"rendered":"<p>Pulseira riviera gota \u00e1gua marinha com zirc\u00f4nias brancas, com 19cm, em prata 925.<\/p>\n","protected":false},"excerpt":{"rendered":"<p>Pulseira riviera gota \u00e1gua marinha com zirc\u00f4nias brancas, com 19cm, em prata 925.<\/p>\n","protected":false},"featured_media":5428,"template":"","meta":[],"product_brand":[],"product_cat":[47],"product_tag":[89,72,139,141,54],"class_list":{"0":"post-5427","1":"product","2":"type-product","3":"status-publish","4":"has-post-thumbnail","6":"product_cat-pulseiras","7":"product_tag-agua-marinha","8":"product_tag-cravejado","9":"product_tag-gota","10":"product_tag-prata-925","11":"product_tag-zirconia","13":"first","14":"outofstock","15":"shipping-taxable","16":"purchasable","17":"product-type-simple"},"aioseo_notices":[],"_links":{"self":[{"href":"https:\/\/www.flacunhasemijoias.com.br\/loja\/wp-json\/wp\/v2\/product\/5427","targetHints":{"allow":["GET"]}}],"collection":[{"href":"https:\/\/www.flacunhasemijoias.com.br\/loja\/wp-json\/wp\/v2\/product"}],"about":[{"href":"https:\/\/www.flacunhasemijoias.com.br\/loja\/wp-json\/wp\/v2\/types\/product"}],"wp:featuredmedia":[{"embeddable":true,"href":"https:\/\/www.flacunhasemijoias.com.br\/loja\/wp-json\/wp\/v2\/media\/5428"}],"wp:attachment":[{"href":"https:\/\/www.flacunhasemijoias.com.br\/loja\/wp-json\/wp\/v2\/media?parent=5427"}],"wp:term":[{"taxonomy":"product_brand","embeddable":true,"href":"https:\/\/www.flacunhasemijoias.com.br\/loja\/wp-json\/wp\/v2\/product_brand?post=5427"},{"taxonomy":"product_cat","embeddable":true,"href":"https:\/\/www.flacunhasemijoias.com.br\/loja\/wp-json\/wp\/v2\/product_cat?post=5427"},{"taxonomy":"product_tag","embeddable":true,"href":"https:\/\/www.flacunhasemijoias.com.br\/loja\/wp-json\/wp\/v2\/product_tag?post=5427"}],"curies":[{"name":"wp","href":"https:\/\/api.w.org\/{rel}","templated":true}]}}