{"id":5462,"date":"2025-08-06T10:47:39","date_gmt":"2025-08-06T13:47:39","guid":{"rendered":"https:\/\/www.flacunhasemijoias.com.br\/loja\/produto\/brinco-mini-corao-vazado-banhado-ouro-18k\/"},"modified":"2025-08-07T15:35:27","modified_gmt":"2025-08-07T18:35:27","slug":"brinco-mini-corao-vazado-banhado-ouro-18k","status":"publish","type":"product","link":"https:\/\/www.flacunhasemijoias.com.br\/loja\/produto\/brinco-mini-corao-vazado-banhado-ouro-18k\/","title":{"rendered":"Brinco Mini Cora\u00e7\u00e3o Vazado Banhado Ouro18k"},"content":{"rendered":"<p>Brinco mini cora\u00e7\u00e3o vazado banhado a ouro 18k.<\/p>\n","protected":false},"excerpt":{"rendered":"<p>Brinco mini cora\u00e7\u00e3o vazado banhado a ouro 18k.<\/p>\n","protected":false},"featured_media":5530,"template":"","meta":[],"product_brand":[],"product_cat":[45],"product_tag":[66,289,62],"class_list":{"0":"post-5462","1":"product","2":"type-product","3":"status-publish","4":"has-post-thumbnail","6":"product_cat-brincos","7":"product_tag-brinco","8":"product_tag-coracao-vazado","9":"product_tag-folheado","11":"first","12":"instock","13":"shipping-taxable","14":"purchasable","15":"product-type-simple"},"aioseo_notices":[],"_links":{"self":[{"href":"https:\/\/www.flacunhasemijoias.com.br\/loja\/wp-json\/wp\/v2\/product\/5462","targetHints":{"allow":["GET"]}}],"collection":[{"href":"https:\/\/www.flacunhasemijoias.com.br\/loja\/wp-json\/wp\/v2\/product"}],"about":[{"href":"https:\/\/www.flacunhasemijoias.com.br\/loja\/wp-json\/wp\/v2\/types\/product"}],"wp:featuredmedia":[{"embeddable":true,"href":"https:\/\/www.flacunhasemijoias.com.br\/loja\/wp-json\/wp\/v2\/media\/5530"}],"wp:attachment":[{"href":"https:\/\/www.flacunhasemijoias.com.br\/loja\/wp-json\/wp\/v2\/media?parent=5462"}],"wp:term":[{"taxonomy":"product_brand","embeddable":true,"href":"https:\/\/www.flacunhasemijoias.com.br\/loja\/wp-json\/wp\/v2\/product_brand?post=5462"},{"taxonomy":"product_cat","embeddable":true,"href":"https:\/\/www.flacunhasemijoias.com.br\/loja\/wp-json\/wp\/v2\/product_cat?post=5462"},{"taxonomy":"product_tag","embeddable":true,"href":"https:\/\/www.flacunhasemijoias.com.br\/loja\/wp-json\/wp\/v2\/product_tag?post=5462"}],"curies":[{"name":"wp","href":"https:\/\/api.w.org\/{rel}","templated":true}]}}