{"id":5466,"date":"2025-08-06T10:47:39","date_gmt":"2025-08-06T13:47:39","guid":{"rendered":"https:\/\/www.flacunhasemijoias.com.br\/loja\/produto\/brinco-argola-prola-banhado-ouro-18k\/"},"modified":"2025-08-06T14:27:41","modified_gmt":"2025-08-06T17:27:41","slug":"brinco-argola-prola-banhado-ouro-18k","status":"publish","type":"product","link":"https:\/\/www.flacunhasemijoias.com.br\/loja\/produto\/brinco-argola-prola-banhado-ouro-18k\/","title":{"rendered":"Brinco Argola com P\u00e9rola Sint\u00e9tica Banhado a Ouro18k"},"content":{"rendered":"<p>Brinco argola com p\u00e9rola sint\u00e9tica, banhado a ouro18k.<\/p>\n","protected":false},"excerpt":{"rendered":"<p>Brinco argola com p\u00e9rola sint\u00e9tica, banhado a ouro18k.<\/p>\n","protected":false},"featured_media":0,"template":"","meta":[],"product_brand":[],"product_cat":[45],"product_tag":[],"class_list":{"0":"post-5466","1":"product","2":"type-product","3":"status-publish","5":"product_cat-brincos","7":"first","8":"outofstock","9":"shipping-taxable","10":"purchasable","11":"product-type-simple"},"aioseo_notices":[],"_links":{"self":[{"href":"https:\/\/www.flacunhasemijoias.com.br\/loja\/wp-json\/wp\/v2\/product\/5466","targetHints":{"allow":["GET"]}}],"collection":[{"href":"https:\/\/www.flacunhasemijoias.com.br\/loja\/wp-json\/wp\/v2\/product"}],"about":[{"href":"https:\/\/www.flacunhasemijoias.com.br\/loja\/wp-json\/wp\/v2\/types\/product"}],"wp:attachment":[{"href":"https:\/\/www.flacunhasemijoias.com.br\/loja\/wp-json\/wp\/v2\/media?parent=5466"}],"wp:term":[{"taxonomy":"product_brand","embeddable":true,"href":"https:\/\/www.flacunhasemijoias.com.br\/loja\/wp-json\/wp\/v2\/product_brand?post=5466"},{"taxonomy":"product_cat","embeddable":true,"href":"https:\/\/www.flacunhasemijoias.com.br\/loja\/wp-json\/wp\/v2\/product_cat?post=5466"},{"taxonomy":"product_tag","embeddable":true,"href":"https:\/\/www.flacunhasemijoias.com.br\/loja\/wp-json\/wp\/v2\/product_tag?post=5466"}],"curies":[{"name":"wp","href":"https:\/\/api.w.org\/{rel}","templated":true}]}}