{"id":5467,"date":"2025-08-06T10:47:40","date_gmt":"2025-08-06T13:47:40","guid":{"rendered":"https:\/\/www.flacunhasemijoias.com.br\/loja\/produto\/brinco-corao-em-rdio\/"},"modified":"2025-08-07T15:48:13","modified_gmt":"2025-08-07T18:48:13","slug":"brinco-corao-em-rdio","status":"publish","type":"product","link":"https:\/\/www.flacunhasemijoias.com.br\/loja\/produto\/brinco-corao-em-rdio\/","title":{"rendered":"Brinco Cora\u00e7\u00e3o em R\u00f3dio"},"content":{"rendered":"<p>Brinco cora\u00e7\u00e3o em r\u00f3dio branco.<\/p>\n","protected":false},"excerpt":{"rendered":"<p>Brinco cora\u00e7\u00e3o em r\u00f3dio branco.<\/p>\n","protected":false},"featured_media":5536,"template":"","meta":[],"product_brand":[],"product_cat":[45],"product_tag":[66,113,160],"class_list":{"0":"post-5467","1":"product","2":"type-product","3":"status-publish","4":"has-post-thumbnail","6":"product_cat-brincos","7":"product_tag-brinco","8":"product_tag-coracao","9":"product_tag-rodio-branco","11":"first","12":"instock","13":"shipping-taxable","14":"purchasable","15":"product-type-simple"},"aioseo_notices":[],"_links":{"self":[{"href":"https:\/\/www.flacunhasemijoias.com.br\/loja\/wp-json\/wp\/v2\/product\/5467","targetHints":{"allow":["GET"]}}],"collection":[{"href":"https:\/\/www.flacunhasemijoias.com.br\/loja\/wp-json\/wp\/v2\/product"}],"about":[{"href":"https:\/\/www.flacunhasemijoias.com.br\/loja\/wp-json\/wp\/v2\/types\/product"}],"wp:featuredmedia":[{"embeddable":true,"href":"https:\/\/www.flacunhasemijoias.com.br\/loja\/wp-json\/wp\/v2\/media\/5536"}],"wp:attachment":[{"href":"https:\/\/www.flacunhasemijoias.com.br\/loja\/wp-json\/wp\/v2\/media?parent=5467"}],"wp:term":[{"taxonomy":"product_brand","embeddable":true,"href":"https:\/\/www.flacunhasemijoias.com.br\/loja\/wp-json\/wp\/v2\/product_brand?post=5467"},{"taxonomy":"product_cat","embeddable":true,"href":"https:\/\/www.flacunhasemijoias.com.br\/loja\/wp-json\/wp\/v2\/product_cat?post=5467"},{"taxonomy":"product_tag","embeddable":true,"href":"https:\/\/www.flacunhasemijoias.com.br\/loja\/wp-json\/wp\/v2\/product_tag?post=5467"}],"curies":[{"name":"wp","href":"https:\/\/api.w.org\/{rel}","templated":true}]}}