{"id":5491,"date":"2025-08-06T10:47:43","date_gmt":"2025-08-06T13:47:43","guid":{"rendered":"https:\/\/www.flacunhasemijoias.com.br\/loja\/produto\/colar-flexvel-em-rdio\/"},"modified":"2025-10-30T14:34:24","modified_gmt":"2025-10-30T17:34:24","slug":"colar-flexvel-em-rdio","status":"publish","type":"product","link":"https:\/\/www.flacunhasemijoias.com.br\/loja\/produto\/colar-flexvel-em-rdio\/","title":{"rendered":"Colar Flex\u00edvel em R\u00f3dio"},"content":{"rendered":"<p>Colar flex\u00edvel, sem fecho, em r\u00f3dio.<\/p>\n","protected":false},"excerpt":{"rendered":"<p>Colar flex\u00edvel, sem fecho, em r\u00f3dio.<\/p>\n","protected":false},"featured_media":5614,"template":"","meta":[],"product_brand":[],"product_cat":[46],"product_tag":[85,294,160],"class_list":{"0":"post-5491","1":"product","2":"type-product","3":"status-publish","4":"has-post-thumbnail","6":"product_cat-colares","7":"product_tag-colar","8":"product_tag-flexivel","9":"product_tag-rodio-branco","11":"first","12":"outofstock","13":"shipping-taxable","14":"purchasable","15":"product-type-simple"},"aioseo_notices":[],"_links":{"self":[{"href":"https:\/\/www.flacunhasemijoias.com.br\/loja\/wp-json\/wp\/v2\/product\/5491","targetHints":{"allow":["GET"]}}],"collection":[{"href":"https:\/\/www.flacunhasemijoias.com.br\/loja\/wp-json\/wp\/v2\/product"}],"about":[{"href":"https:\/\/www.flacunhasemijoias.com.br\/loja\/wp-json\/wp\/v2\/types\/product"}],"wp:featuredmedia":[{"embeddable":true,"href":"https:\/\/www.flacunhasemijoias.com.br\/loja\/wp-json\/wp\/v2\/media\/5614"}],"wp:attachment":[{"href":"https:\/\/www.flacunhasemijoias.com.br\/loja\/wp-json\/wp\/v2\/media?parent=5491"}],"wp:term":[{"taxonomy":"product_brand","embeddable":true,"href":"https:\/\/www.flacunhasemijoias.com.br\/loja\/wp-json\/wp\/v2\/product_brand?post=5491"},{"taxonomy":"product_cat","embeddable":true,"href":"https:\/\/www.flacunhasemijoias.com.br\/loja\/wp-json\/wp\/v2\/product_cat?post=5491"},{"taxonomy":"product_tag","embeddable":true,"href":"https:\/\/www.flacunhasemijoias.com.br\/loja\/wp-json\/wp\/v2\/product_tag?post=5491"}],"curies":[{"name":"wp","href":"https:\/\/api.w.org\/{rel}","templated":true}]}}