{"id":5493,"date":"2025-08-06T10:47:43","date_gmt":"2025-08-06T13:47:43","guid":{"rendered":"https:\/\/www.flacunhasemijoias.com.br\/loja\/produto\/colar-de-prolas-sintticas-orgnicas-grandes\/"},"modified":"2025-09-13T12:36:03","modified_gmt":"2025-09-13T15:36:03","slug":"colar-de-prolas-sintticas-orgnicas-grandes","status":"publish","type":"product","link":"https:\/\/www.flacunhasemijoias.com.br\/loja\/produto\/colar-de-prolas-sintticas-orgnicas-grandes\/","title":{"rendered":"Colar de P\u00e9rolas Sint\u00e9ticas Org\u00e2nicas Grandes Banhado a Ouro18k"},"content":{"rendered":"<p>Colar de p\u00e9rolas sint\u00e9ticas org\u00e2nicas grandes, com 40cm de comprimento, banhado a ouro18k.<\/p>\n","protected":false},"excerpt":{"rendered":"<p>Colar de p\u00e9rolas sint\u00e9ticas org\u00e2nicas grandes, com 40cm de comprimento, banhado a ouro18k.<\/p>\n","protected":false},"featured_media":5622,"template":"","meta":[],"product_brand":[],"product_cat":[46],"product_tag":[85,62,58],"class_list":{"0":"post-5493","1":"product","2":"type-product","3":"status-publish","4":"has-post-thumbnail","6":"product_cat-colares","7":"product_tag-colar","8":"product_tag-folheado","9":"product_tag-perola","11":"first","12":"outofstock","13":"shipping-taxable","14":"purchasable","15":"product-type-simple"},"aioseo_notices":[],"_links":{"self":[{"href":"https:\/\/www.flacunhasemijoias.com.br\/loja\/wp-json\/wp\/v2\/product\/5493","targetHints":{"allow":["GET"]}}],"collection":[{"href":"https:\/\/www.flacunhasemijoias.com.br\/loja\/wp-json\/wp\/v2\/product"}],"about":[{"href":"https:\/\/www.flacunhasemijoias.com.br\/loja\/wp-json\/wp\/v2\/types\/product"}],"wp:featuredmedia":[{"embeddable":true,"href":"https:\/\/www.flacunhasemijoias.com.br\/loja\/wp-json\/wp\/v2\/media\/5622"}],"wp:attachment":[{"href":"https:\/\/www.flacunhasemijoias.com.br\/loja\/wp-json\/wp\/v2\/media?parent=5493"}],"wp:term":[{"taxonomy":"product_brand","embeddable":true,"href":"https:\/\/www.flacunhasemijoias.com.br\/loja\/wp-json\/wp\/v2\/product_brand?post=5493"},{"taxonomy":"product_cat","embeddable":true,"href":"https:\/\/www.flacunhasemijoias.com.br\/loja\/wp-json\/wp\/v2\/product_cat?post=5493"},{"taxonomy":"product_tag","embeddable":true,"href":"https:\/\/www.flacunhasemijoias.com.br\/loja\/wp-json\/wp\/v2\/product_tag?post=5493"}],"curies":[{"name":"wp","href":"https:\/\/api.w.org\/{rel}","templated":true}]}}