{"id":5494,"date":"2025-08-06T10:47:43","date_gmt":"2025-08-06T13:47:43","guid":{"rendered":"https:\/\/www.flacunhasemijoias.com.br\/loja\/produto\/colar-de-prolas-sintticas-redondas\/"},"modified":"2025-10-08T12:10:10","modified_gmt":"2025-10-08T15:10:10","slug":"colar-de-prolas-sintticas-redondas","status":"publish","type":"product","link":"https:\/\/www.flacunhasemijoias.com.br\/loja\/produto\/colar-de-prolas-sintticas-redondas\/","title":{"rendered":"Colar de P\u00e9rolas Sint\u00e9ticas Redondas Banhado a Ouro18k"},"content":{"rendered":"<p>Colar de p\u00e9rolas sint\u00e9ticas redondas,\u00a0 banhado a ouro18k.<\/p>\n<p>Extensor de 11cm de comprimento.<\/p>\n","protected":false},"excerpt":{"rendered":"<p>Colar de p\u00e9rolas sint\u00e9ticas redondas,\u00a0 banhado a ouro18k. Extensor de 11cm de comprimento.<\/p>\n","protected":false},"featured_media":5627,"template":"","meta":[],"product_brand":[],"product_cat":[46],"product_tag":[85,62,58],"class_list":{"0":"post-5494","1":"product","2":"type-product","3":"status-publish","4":"has-post-thumbnail","6":"product_cat-colares","7":"product_tag-colar","8":"product_tag-folheado","9":"product_tag-perola","11":"first","12":"outofstock","13":"shipping-taxable","14":"purchasable","15":"product-type-simple"},"aioseo_notices":[],"_links":{"self":[{"href":"https:\/\/www.flacunhasemijoias.com.br\/loja\/wp-json\/wp\/v2\/product\/5494","targetHints":{"allow":["GET"]}}],"collection":[{"href":"https:\/\/www.flacunhasemijoias.com.br\/loja\/wp-json\/wp\/v2\/product"}],"about":[{"href":"https:\/\/www.flacunhasemijoias.com.br\/loja\/wp-json\/wp\/v2\/types\/product"}],"wp:featuredmedia":[{"embeddable":true,"href":"https:\/\/www.flacunhasemijoias.com.br\/loja\/wp-json\/wp\/v2\/media\/5627"}],"wp:attachment":[{"href":"https:\/\/www.flacunhasemijoias.com.br\/loja\/wp-json\/wp\/v2\/media?parent=5494"}],"wp:term":[{"taxonomy":"product_brand","embeddable":true,"href":"https:\/\/www.flacunhasemijoias.com.br\/loja\/wp-json\/wp\/v2\/product_brand?post=5494"},{"taxonomy":"product_cat","embeddable":true,"href":"https:\/\/www.flacunhasemijoias.com.br\/loja\/wp-json\/wp\/v2\/product_cat?post=5494"},{"taxonomy":"product_tag","embeddable":true,"href":"https:\/\/www.flacunhasemijoias.com.br\/loja\/wp-json\/wp\/v2\/product_tag?post=5494"}],"curies":[{"name":"wp","href":"https:\/\/api.w.org\/{rel}","templated":true}]}}