{"id":5496,"date":"2025-08-06T10:47:43","date_gmt":"2025-08-06T13:47:43","guid":{"rendered":"https:\/\/www.flacunhasemijoias.com.br\/loja\/produto\/colar-riviera-quadrada-em-rdio\/"},"modified":"2026-01-09T18:42:14","modified_gmt":"2026-01-09T21:42:14","slug":"colar-riviera-quadrada-em-rdio","status":"publish","type":"product","link":"https:\/\/www.flacunhasemijoias.com.br\/loja\/produto\/colar-riviera-quadrada-em-rdio\/","title":{"rendered":"Colar Riviera Cravejado de Zirc\u00f4nias Quadradas em R\u00f3dio"},"content":{"rendered":"<p>Colar riviera, com 40cm de comprimento, cravejado de zirc\u00f4nias quadradas em r\u00f3dio branco.<\/p>\n","protected":false},"excerpt":{"rendered":"<p>Colar riviera, com 40cm de comprimento, cravejado de zirc\u00f4nias quadradas em r\u00f3dio branco.<\/p>\n","protected":false},"featured_media":5618,"template":"","meta":[],"product_brand":[],"product_cat":[46],"product_tag":[85,72,122,54],"class_list":{"0":"post-5496","1":"product","2":"type-product","3":"status-publish","4":"has-post-thumbnail","6":"product_cat-colares","7":"product_tag-colar","8":"product_tag-cravejado","9":"product_tag-riviera","10":"product_tag-zirconia","12":"first","13":"outofstock","14":"shipping-taxable","15":"purchasable","16":"product-type-simple"},"aioseo_notices":[],"_links":{"self":[{"href":"https:\/\/www.flacunhasemijoias.com.br\/loja\/wp-json\/wp\/v2\/product\/5496","targetHints":{"allow":["GET"]}}],"collection":[{"href":"https:\/\/www.flacunhasemijoias.com.br\/loja\/wp-json\/wp\/v2\/product"}],"about":[{"href":"https:\/\/www.flacunhasemijoias.com.br\/loja\/wp-json\/wp\/v2\/types\/product"}],"wp:featuredmedia":[{"embeddable":true,"href":"https:\/\/www.flacunhasemijoias.com.br\/loja\/wp-json\/wp\/v2\/media\/5618"}],"wp:attachment":[{"href":"https:\/\/www.flacunhasemijoias.com.br\/loja\/wp-json\/wp\/v2\/media?parent=5496"}],"wp:term":[{"taxonomy":"product_brand","embeddable":true,"href":"https:\/\/www.flacunhasemijoias.com.br\/loja\/wp-json\/wp\/v2\/product_brand?post=5496"},{"taxonomy":"product_cat","embeddable":true,"href":"https:\/\/www.flacunhasemijoias.com.br\/loja\/wp-json\/wp\/v2\/product_cat?post=5496"},{"taxonomy":"product_tag","embeddable":true,"href":"https:\/\/www.flacunhasemijoias.com.br\/loja\/wp-json\/wp\/v2\/product_tag?post=5496"}],"curies":[{"name":"wp","href":"https:\/\/api.w.org\/{rel}","templated":true}]}}