{"id":5497,"date":"2025-08-06T10:47:44","date_gmt":"2025-08-06T13:47:44","guid":{"rendered":"https:\/\/www.flacunhasemijoias.com.br\/loja\/produto\/pulseira-riviera-cravejada-de-zircnia-em-rdio\/"},"modified":"2026-03-26T10:48:43","modified_gmt":"2026-03-26T13:48:43","slug":"pulseira-riviera-cravejada-de-zircnia-em-rdio","status":"publish","type":"product","link":"https:\/\/www.flacunhasemijoias.com.br\/loja\/produto\/pulseira-riviera-cravejada-de-zircnia-em-rdio\/","title":{"rendered":"Pulseira Riviera Cravejada de Zirc\u00f4nia em R\u00f3dio"},"content":{"rendered":"<p>Pulseira riviera com 17cm de comprimento, cravejada de zirc\u00f4nias brancas, em r\u00f3dio branco.<\/p>\n<p>Fecho gaveta.<\/p>\n","protected":false},"excerpt":{"rendered":"<p>Pulseira riviera com 17cm de comprimento, cravejada de zirc\u00f4nias brancas, em r\u00f3dio branco. Fecho gaveta.<\/p>\n","protected":false},"featured_media":5637,"template":"","meta":[],"product_brand":[],"product_cat":[47],"product_tag":[72,73,122,160,54],"class_list":{"0":"post-5497","1":"product","2":"type-product","3":"status-publish","4":"has-post-thumbnail","6":"product_cat-pulseiras","7":"product_tag-cravejado","8":"product_tag-pulseira","9":"product_tag-riviera","10":"product_tag-rodio-branco","11":"product_tag-zirconia","13":"first","14":"instock","15":"shipping-taxable","16":"purchasable","17":"product-type-simple"},"aioseo_notices":[],"_links":{"self":[{"href":"https:\/\/www.flacunhasemijoias.com.br\/loja\/wp-json\/wp\/v2\/product\/5497","targetHints":{"allow":["GET"]}}],"collection":[{"href":"https:\/\/www.flacunhasemijoias.com.br\/loja\/wp-json\/wp\/v2\/product"}],"about":[{"href":"https:\/\/www.flacunhasemijoias.com.br\/loja\/wp-json\/wp\/v2\/types\/product"}],"wp:featuredmedia":[{"embeddable":true,"href":"https:\/\/www.flacunhasemijoias.com.br\/loja\/wp-json\/wp\/v2\/media\/5637"}],"wp:attachment":[{"href":"https:\/\/www.flacunhasemijoias.com.br\/loja\/wp-json\/wp\/v2\/media?parent=5497"}],"wp:term":[{"taxonomy":"product_brand","embeddable":true,"href":"https:\/\/www.flacunhasemijoias.com.br\/loja\/wp-json\/wp\/v2\/product_brand?post=5497"},{"taxonomy":"product_cat","embeddable":true,"href":"https:\/\/www.flacunhasemijoias.com.br\/loja\/wp-json\/wp\/v2\/product_cat?post=5497"},{"taxonomy":"product_tag","embeddable":true,"href":"https:\/\/www.flacunhasemijoias.com.br\/loja\/wp-json\/wp\/v2\/product_tag?post=5497"}],"curies":[{"name":"wp","href":"https:\/\/api.w.org\/{rel}","templated":true}]}}