{"id":5653,"date":"2025-08-13T13:01:28","date_gmt":"2025-08-13T16:01:28","guid":{"rendered":"https:\/\/www.flacunhasemijoias.com.br\/loja\/?post_type=product&#038;p=5653"},"modified":"2026-02-10T14:51:14","modified_gmt":"2026-02-10T17:51:14","slug":"brinco-florzinha-em-prata-925-com-banho-de-rodio-negro","status":"publish","type":"product","link":"https:\/\/www.flacunhasemijoias.com.br\/loja\/produto\/brinco-florzinha-em-prata-925-com-banho-de-rodio-negro\/","title":{"rendered":"Brinco Florzinha em Prata 925 com Banho de R\u00f3dio Negro"},"content":{"rendered":"<p>Brinco florzinha zirc\u00f4nia negra, em prata 925 com banho de r\u00f3dio negro.<\/p>\n","protected":false},"excerpt":{"rendered":"<p>Brinco florzinha zirc\u00f4nia negra, em prata 925 com banho de r\u00f3dio negro.<\/p>\n","protected":false},"featured_media":5654,"template":"","meta":[],"product_brand":[],"product_cat":[45],"product_tag":[66,296,141,53,78],"class_list":{"0":"post-5653","1":"product","2":"type-product","3":"status-publish","4":"has-post-thumbnail","6":"product_cat-brincos","7":"product_tag-brinco","8":"product_tag-florzinha","9":"product_tag-prata-925","10":"product_tag-rodio-negro","11":"product_tag-zirconia-negra","13":"first","14":"outofstock","15":"shipping-taxable","16":"purchasable","17":"product-type-simple"},"aioseo_notices":[],"_links":{"self":[{"href":"https:\/\/www.flacunhasemijoias.com.br\/loja\/wp-json\/wp\/v2\/product\/5653","targetHints":{"allow":["GET"]}}],"collection":[{"href":"https:\/\/www.flacunhasemijoias.com.br\/loja\/wp-json\/wp\/v2\/product"}],"about":[{"href":"https:\/\/www.flacunhasemijoias.com.br\/loja\/wp-json\/wp\/v2\/types\/product"}],"wp:featuredmedia":[{"embeddable":true,"href":"https:\/\/www.flacunhasemijoias.com.br\/loja\/wp-json\/wp\/v2\/media\/5654"}],"wp:attachment":[{"href":"https:\/\/www.flacunhasemijoias.com.br\/loja\/wp-json\/wp\/v2\/media?parent=5653"}],"wp:term":[{"taxonomy":"product_brand","embeddable":true,"href":"https:\/\/www.flacunhasemijoias.com.br\/loja\/wp-json\/wp\/v2\/product_brand?post=5653"},{"taxonomy":"product_cat","embeddable":true,"href":"https:\/\/www.flacunhasemijoias.com.br\/loja\/wp-json\/wp\/v2\/product_cat?post=5653"},{"taxonomy":"product_tag","embeddable":true,"href":"https:\/\/www.flacunhasemijoias.com.br\/loja\/wp-json\/wp\/v2\/product_tag?post=5653"}],"curies":[{"name":"wp","href":"https:\/\/api.w.org\/{rel}","templated":true}]}}