{"id":5658,"date":"2025-08-13T13:17:00","date_gmt":"2025-08-13T16:17:00","guid":{"rendered":"https:\/\/www.flacunhasemijoias.com.br\/loja\/?post_type=product&#038;p=5658"},"modified":"2025-08-15T20:51:34","modified_gmt":"2025-08-15T23:51:34","slug":"brinco-argola-m-em-prata-925-com-banho-de-rodio-negro","status":"publish","type":"product","link":"https:\/\/www.flacunhasemijoias.com.br\/loja\/produto\/brinco-argola-m-em-prata-925-com-banho-de-rodio-negro\/","title":{"rendered":"Brinco Argola M em Prata 925 com Banho de R\u00f3dio Negro"},"content":{"rendered":"<p>Brinco argola M com zirc\u00f4nias negras, em prata 925 com banho de r\u00f3dio negro.<\/p>\n","protected":false},"excerpt":{"rendered":"<p>Brinco argola M com zirc\u00f4nias negras, em prata 925 com banho de r\u00f3dio negro.<\/p>\n","protected":false},"featured_media":5659,"template":"","meta":[],"product_brand":[],"product_cat":[45],"product_tag":[136,66,141,53,78],"class_list":{"0":"post-5658","1":"product","2":"type-product","3":"status-publish","4":"has-post-thumbnail","6":"product_cat-brincos","7":"product_tag-argola","8":"product_tag-brinco","9":"product_tag-prata-925","10":"product_tag-rodio-negro","11":"product_tag-zirconia-negra","13":"first","14":"instock","15":"shipping-taxable","16":"purchasable","17":"product-type-simple"},"aioseo_notices":[],"_links":{"self":[{"href":"https:\/\/www.flacunhasemijoias.com.br\/loja\/wp-json\/wp\/v2\/product\/5658","targetHints":{"allow":["GET"]}}],"collection":[{"href":"https:\/\/www.flacunhasemijoias.com.br\/loja\/wp-json\/wp\/v2\/product"}],"about":[{"href":"https:\/\/www.flacunhasemijoias.com.br\/loja\/wp-json\/wp\/v2\/types\/product"}],"wp:featuredmedia":[{"embeddable":true,"href":"https:\/\/www.flacunhasemijoias.com.br\/loja\/wp-json\/wp\/v2\/media\/5659"}],"wp:attachment":[{"href":"https:\/\/www.flacunhasemijoias.com.br\/loja\/wp-json\/wp\/v2\/media?parent=5658"}],"wp:term":[{"taxonomy":"product_brand","embeddable":true,"href":"https:\/\/www.flacunhasemijoias.com.br\/loja\/wp-json\/wp\/v2\/product_brand?post=5658"},{"taxonomy":"product_cat","embeddable":true,"href":"https:\/\/www.flacunhasemijoias.com.br\/loja\/wp-json\/wp\/v2\/product_cat?post=5658"},{"taxonomy":"product_tag","embeddable":true,"href":"https:\/\/www.flacunhasemijoias.com.br\/loja\/wp-json\/wp\/v2\/product_tag?post=5658"}],"curies":[{"name":"wp","href":"https:\/\/api.w.org\/{rel}","templated":true}]}}