{"id":5665,"date":"2025-08-22T10:43:33","date_gmt":"2025-08-22T13:43:33","guid":{"rendered":"https:\/\/www.flacunhasemijoias.com.br\/loja\/?post_type=product&#038;p=5665"},"modified":"2025-09-03T13:56:04","modified_gmt":"2025-09-03T16:56:04","slug":"colar-pirita-com-espirito-santo-banhado-ouro-18k","status":"publish","type":"product","link":"https:\/\/www.flacunhasemijoias.com.br\/loja\/produto\/colar-pirita-com-espirito-santo-banhado-ouro-18k\/","title":{"rendered":"Colar de Pirita com Esp\u00edrito Santo em Madrep\u00e9rola Banhado a Ouro 18k"},"content":{"rendered":"<p>Colar de pirita com pingente Esp\u00edrito Santo em madrep\u00e9rola, banhado a ouro 18k.<\/p>\n","protected":false},"excerpt":{"rendered":"<p>Colar de pirita com pingente Esp\u00edrito Santo em madrep\u00e9rola, banhado a ouro 18k.<\/p>\n","protected":false},"featured_media":5666,"template":"","meta":[],"product_brand":[],"product_cat":[46],"product_tag":[85,201,62,282,275],"class_list":{"0":"post-5665","1":"product","2":"type-product","3":"status-publish","4":"has-post-thumbnail","6":"product_cat-colares","7":"product_tag-colar","8":"product_tag-espirito-santo","9":"product_tag-folheado","10":"product_tag-madreperola","11":"product_tag-pirita","13":"first","14":"outofstock","15":"shipping-taxable","16":"purchasable","17":"product-type-simple"},"aioseo_notices":[],"_links":{"self":[{"href":"https:\/\/www.flacunhasemijoias.com.br\/loja\/wp-json\/wp\/v2\/product\/5665","targetHints":{"allow":["GET"]}}],"collection":[{"href":"https:\/\/www.flacunhasemijoias.com.br\/loja\/wp-json\/wp\/v2\/product"}],"about":[{"href":"https:\/\/www.flacunhasemijoias.com.br\/loja\/wp-json\/wp\/v2\/types\/product"}],"wp:featuredmedia":[{"embeddable":true,"href":"https:\/\/www.flacunhasemijoias.com.br\/loja\/wp-json\/wp\/v2\/media\/5666"}],"wp:attachment":[{"href":"https:\/\/www.flacunhasemijoias.com.br\/loja\/wp-json\/wp\/v2\/media?parent=5665"}],"wp:term":[{"taxonomy":"product_brand","embeddable":true,"href":"https:\/\/www.flacunhasemijoias.com.br\/loja\/wp-json\/wp\/v2\/product_brand?post=5665"},{"taxonomy":"product_cat","embeddable":true,"href":"https:\/\/www.flacunhasemijoias.com.br\/loja\/wp-json\/wp\/v2\/product_cat?post=5665"},{"taxonomy":"product_tag","embeddable":true,"href":"https:\/\/www.flacunhasemijoias.com.br\/loja\/wp-json\/wp\/v2\/product_tag?post=5665"}],"curies":[{"name":"wp","href":"https:\/\/api.w.org\/{rel}","templated":true}]}}