{"id":5768,"date":"2025-08-23T11:05:49","date_gmt":"2025-08-23T14:05:49","guid":{"rendered":"https:\/\/www.flacunhasemijoias.com.br\/loja\/?post_type=product&#038;p=5768"},"modified":"2025-08-30T19:42:25","modified_gmt":"2025-08-30T22:42:25","slug":"colar-turmalina-rosa-com-mini-coracao-banhado-ouro18k","status":"publish","type":"product","link":"https:\/\/www.flacunhasemijoias.com.br\/loja\/produto\/colar-turmalina-rosa-com-mini-coracao-banhado-ouro18k\/","title":{"rendered":"Colar de Turmalina Rosa com Mini Cora\u00e7\u00e3o Banhado Ouro18k"},"content":{"rendered":"<p>Colar de turmalina rosa com mini cora\u00e7\u00e3o, banhado a ouro 18k.<\/p>\n","protected":false},"excerpt":{"rendered":"<p>Colar de turmalina rosa com mini cora\u00e7\u00e3o, banhado a ouro 18k.<\/p>\n","protected":false},"featured_media":5769,"template":"","meta":[],"product_brand":[],"product_cat":[46],"product_tag":[85,113,62,308,54],"class_list":{"0":"post-5768","1":"product","2":"type-product","3":"status-publish","4":"has-post-thumbnail","6":"product_cat-colares","7":"product_tag-colar","8":"product_tag-coracao","9":"product_tag-folheado","10":"product_tag-turmalina-rosa","11":"product_tag-zirconia","13":"first","14":"outofstock","15":"shipping-taxable","16":"purchasable","17":"product-type-simple"},"aioseo_notices":[],"_links":{"self":[{"href":"https:\/\/www.flacunhasemijoias.com.br\/loja\/wp-json\/wp\/v2\/product\/5768","targetHints":{"allow":["GET"]}}],"collection":[{"href":"https:\/\/www.flacunhasemijoias.com.br\/loja\/wp-json\/wp\/v2\/product"}],"about":[{"href":"https:\/\/www.flacunhasemijoias.com.br\/loja\/wp-json\/wp\/v2\/types\/product"}],"wp:featuredmedia":[{"embeddable":true,"href":"https:\/\/www.flacunhasemijoias.com.br\/loja\/wp-json\/wp\/v2\/media\/5769"}],"wp:attachment":[{"href":"https:\/\/www.flacunhasemijoias.com.br\/loja\/wp-json\/wp\/v2\/media?parent=5768"}],"wp:term":[{"taxonomy":"product_brand","embeddable":true,"href":"https:\/\/www.flacunhasemijoias.com.br\/loja\/wp-json\/wp\/v2\/product_brand?post=5768"},{"taxonomy":"product_cat","embeddable":true,"href":"https:\/\/www.flacunhasemijoias.com.br\/loja\/wp-json\/wp\/v2\/product_cat?post=5768"},{"taxonomy":"product_tag","embeddable":true,"href":"https:\/\/www.flacunhasemijoias.com.br\/loja\/wp-json\/wp\/v2\/product_tag?post=5768"}],"curies":[{"name":"wp","href":"https:\/\/api.w.org\/{rel}","templated":true}]}}