{"id":5771,"date":"2025-08-23T11:12:10","date_gmt":"2025-08-23T14:12:10","guid":{"rendered":"https:\/\/www.flacunhasemijoias.com.br\/loja\/?post_type=product&#038;p=5771"},"modified":"2026-01-24T14:07:14","modified_gmt":"2026-01-24T17:07:14","slug":"colar-turmalina-rosa-com-coracoes-banhado-ouro18k","status":"publish","type":"product","link":"https:\/\/www.flacunhasemijoias.com.br\/loja\/produto\/colar-turmalina-rosa-com-coracoes-banhado-ouro18k\/","title":{"rendered":"Colar Turmalina Rosa com Cora\u00e7\u00f5es em Cristal Banhado Ouro18k"},"content":{"rendered":"<p>Colar turmalina rosa com pingente de cora\u00e7\u00f5es com cristal, banhado a ouro 18k.<\/p>\n","protected":false},"excerpt":{"rendered":"<p>Colar turmalina rosa com pingente de cora\u00e7\u00f5es com cristal, banhado a ouro 18k.<\/p>\n","protected":false},"featured_media":5772,"template":"","meta":[],"product_brand":[],"product_cat":[46],"product_tag":[85,113,62,308,54],"class_list":{"0":"post-5771","1":"product","2":"type-product","3":"status-publish","4":"has-post-thumbnail","6":"product_cat-colares","7":"product_tag-colar","8":"product_tag-coracao","9":"product_tag-folheado","10":"product_tag-turmalina-rosa","11":"product_tag-zirconia","13":"first","14":"outofstock","15":"shipping-taxable","16":"purchasable","17":"product-type-simple"},"aioseo_notices":[],"_links":{"self":[{"href":"https:\/\/www.flacunhasemijoias.com.br\/loja\/wp-json\/wp\/v2\/product\/5771","targetHints":{"allow":["GET"]}}],"collection":[{"href":"https:\/\/www.flacunhasemijoias.com.br\/loja\/wp-json\/wp\/v2\/product"}],"about":[{"href":"https:\/\/www.flacunhasemijoias.com.br\/loja\/wp-json\/wp\/v2\/types\/product"}],"wp:featuredmedia":[{"embeddable":true,"href":"https:\/\/www.flacunhasemijoias.com.br\/loja\/wp-json\/wp\/v2\/media\/5772"}],"wp:attachment":[{"href":"https:\/\/www.flacunhasemijoias.com.br\/loja\/wp-json\/wp\/v2\/media?parent=5771"}],"wp:term":[{"taxonomy":"product_brand","embeddable":true,"href":"https:\/\/www.flacunhasemijoias.com.br\/loja\/wp-json\/wp\/v2\/product_brand?post=5771"},{"taxonomy":"product_cat","embeddable":true,"href":"https:\/\/www.flacunhasemijoias.com.br\/loja\/wp-json\/wp\/v2\/product_cat?post=5771"},{"taxonomy":"product_tag","embeddable":true,"href":"https:\/\/www.flacunhasemijoias.com.br\/loja\/wp-json\/wp\/v2\/product_tag?post=5771"}],"curies":[{"name":"wp","href":"https:\/\/api.w.org\/{rel}","templated":true}]}}