{"id":5777,"date":"2025-08-23T11:34:49","date_gmt":"2025-08-23T14:34:49","guid":{"rendered":"https:\/\/www.flacunhasemijoias.com.br\/loja\/?post_type=product&#038;p=5777"},"modified":"2025-11-21T14:45:53","modified_gmt":"2025-11-21T17:45:53","slug":"colar-riviera-rosa-com-45cm-em-rodio-branco","status":"publish","type":"product","link":"https:\/\/www.flacunhasemijoias.com.br\/loja\/produto\/colar-riviera-rosa-com-45cm-em-rodio-branco\/","title":{"rendered":"Colar Riviera com Zirc\u00f4nia Rosa em R\u00f3dio Branco"},"content":{"rendered":"<p>Colar riviera com zirc\u00f4nia rosa, com 45cm de comprimento, em r\u00f3dio branco. Fecho gaveta.<\/p>\n","protected":false},"excerpt":{"rendered":"<p>Colar riviera com zirc\u00f4nia rosa, com 45cm de comprimento, em r\u00f3dio branco. Fecho gaveta.<\/p>\n","protected":false},"featured_media":5778,"template":"","meta":[],"product_brand":[],"product_cat":[46],"product_tag":[85,122,160,274],"class_list":{"0":"post-5777","1":"product","2":"type-product","3":"status-publish","4":"has-post-thumbnail","6":"product_cat-colares","7":"product_tag-colar","8":"product_tag-riviera","9":"product_tag-rodio-branco","10":"product_tag-zirconia-rosa","12":"first","13":"outofstock","14":"shipping-taxable","15":"purchasable","16":"product-type-simple"},"aioseo_notices":[],"_links":{"self":[{"href":"https:\/\/www.flacunhasemijoias.com.br\/loja\/wp-json\/wp\/v2\/product\/5777","targetHints":{"allow":["GET"]}}],"collection":[{"href":"https:\/\/www.flacunhasemijoias.com.br\/loja\/wp-json\/wp\/v2\/product"}],"about":[{"href":"https:\/\/www.flacunhasemijoias.com.br\/loja\/wp-json\/wp\/v2\/types\/product"}],"wp:featuredmedia":[{"embeddable":true,"href":"https:\/\/www.flacunhasemijoias.com.br\/loja\/wp-json\/wp\/v2\/media\/5778"}],"wp:attachment":[{"href":"https:\/\/www.flacunhasemijoias.com.br\/loja\/wp-json\/wp\/v2\/media?parent=5777"}],"wp:term":[{"taxonomy":"product_brand","embeddable":true,"href":"https:\/\/www.flacunhasemijoias.com.br\/loja\/wp-json\/wp\/v2\/product_brand?post=5777"},{"taxonomy":"product_cat","embeddable":true,"href":"https:\/\/www.flacunhasemijoias.com.br\/loja\/wp-json\/wp\/v2\/product_cat?post=5777"},{"taxonomy":"product_tag","embeddable":true,"href":"https:\/\/www.flacunhasemijoias.com.br\/loja\/wp-json\/wp\/v2\/product_tag?post=5777"}],"curies":[{"name":"wp","href":"https:\/\/api.w.org\/{rel}","templated":true}]}}