{"id":5791,"date":"2025-08-23T12:39:28","date_gmt":"2025-08-23T15:39:28","guid":{"rendered":"https:\/\/www.flacunhasemijoias.com.br\/loja\/?post_type=product&#038;p=5791"},"modified":"2025-08-23T16:51:13","modified_gmt":"2025-08-23T19:51:13","slug":"pulseira-riviera-citrino-em-rodio-branco","status":"publish","type":"product","link":"https:\/\/www.flacunhasemijoias.com.br\/loja\/produto\/pulseira-riviera-citrino-em-rodio-branco\/","title":{"rendered":"Pulseira Riviera com Zirc\u00f4nia Yellow Fancy em R\u00f3dio Branco"},"content":{"rendered":"<p>Pulseira riviera com zirc\u00f4nia yellow fancy,\u00a0 em r\u00f3dio branco. Fecho gaveta.<\/p>\n","protected":false},"excerpt":{"rendered":"<p>Pulseira riviera com zirc\u00f4nia yellow fancy,\u00a0 em r\u00f3dio branco. Fecho gaveta.<\/p>\n","protected":false},"featured_media":5792,"template":"","meta":[],"product_brand":[],"product_cat":[47],"product_tag":[103,73,122,160],"class_list":{"0":"post-5791","1":"product","2":"type-product","3":"status-publish","4":"has-post-thumbnail","6":"product_cat-pulseiras","7":"product_tag-citrino","8":"product_tag-pulseira","9":"product_tag-riviera","10":"product_tag-rodio-branco","12":"first","13":"instock","14":"shipping-taxable","15":"purchasable","16":"product-type-simple"},"aioseo_notices":[],"_links":{"self":[{"href":"https:\/\/www.flacunhasemijoias.com.br\/loja\/wp-json\/wp\/v2\/product\/5791","targetHints":{"allow":["GET"]}}],"collection":[{"href":"https:\/\/www.flacunhasemijoias.com.br\/loja\/wp-json\/wp\/v2\/product"}],"about":[{"href":"https:\/\/www.flacunhasemijoias.com.br\/loja\/wp-json\/wp\/v2\/types\/product"}],"wp:featuredmedia":[{"embeddable":true,"href":"https:\/\/www.flacunhasemijoias.com.br\/loja\/wp-json\/wp\/v2\/media\/5792"}],"wp:attachment":[{"href":"https:\/\/www.flacunhasemijoias.com.br\/loja\/wp-json\/wp\/v2\/media?parent=5791"}],"wp:term":[{"taxonomy":"product_brand","embeddable":true,"href":"https:\/\/www.flacunhasemijoias.com.br\/loja\/wp-json\/wp\/v2\/product_brand?post=5791"},{"taxonomy":"product_cat","embeddable":true,"href":"https:\/\/www.flacunhasemijoias.com.br\/loja\/wp-json\/wp\/v2\/product_cat?post=5791"},{"taxonomy":"product_tag","embeddable":true,"href":"https:\/\/www.flacunhasemijoias.com.br\/loja\/wp-json\/wp\/v2\/product_tag?post=5791"}],"curies":[{"name":"wp","href":"https:\/\/api.w.org\/{rel}","templated":true}]}}