{"id":5924,"date":"2025-09-02T14:57:35","date_gmt":"2025-09-02T17:57:35","guid":{"rendered":"https:\/\/www.flacunhasemijoias.com.br\/loja\/?post_type=product&#038;p=5924"},"modified":"2025-09-03T17:30:27","modified_gmt":"2025-09-03T20:30:27","slug":"colar-perola-natural-com-pingente-libelula-banhado-a-ouro18k","status":"publish","type":"product","link":"https:\/\/www.flacunhasemijoias.com.br\/loja\/produto\/colar-perola-natural-com-pingente-libelula-banhado-a-ouro18k\/","title":{"rendered":"Colar P\u00e9rola Natural com Pingente Lib\u00e9lula Banhado a Ouro18k"},"content":{"rendered":"<p>Colar p\u00e9rola natural com pingente de lib\u00e9lula, banhado a ouro 18k.<\/p>\n","protected":false},"excerpt":{"rendered":"<p>Colar p\u00e9rola natural com pingente de lib\u00e9lula, banhado a ouro 18k.<\/p>\n","protected":false},"featured_media":5925,"template":"","meta":[],"product_brand":[],"product_cat":[46],"product_tag":[85,62,299,58],"class_list":{"0":"post-5924","1":"product","2":"type-product","3":"status-publish","4":"has-post-thumbnail","6":"product_cat-colares","7":"product_tag-colar","8":"product_tag-folheado","9":"product_tag-libelula","10":"product_tag-perola","12":"first","13":"outofstock","14":"shipping-taxable","15":"purchasable","16":"product-type-simple"},"aioseo_notices":[],"_links":{"self":[{"href":"https:\/\/www.flacunhasemijoias.com.br\/loja\/wp-json\/wp\/v2\/product\/5924","targetHints":{"allow":["GET"]}}],"collection":[{"href":"https:\/\/www.flacunhasemijoias.com.br\/loja\/wp-json\/wp\/v2\/product"}],"about":[{"href":"https:\/\/www.flacunhasemijoias.com.br\/loja\/wp-json\/wp\/v2\/types\/product"}],"wp:featuredmedia":[{"embeddable":true,"href":"https:\/\/www.flacunhasemijoias.com.br\/loja\/wp-json\/wp\/v2\/media\/5925"}],"wp:attachment":[{"href":"https:\/\/www.flacunhasemijoias.com.br\/loja\/wp-json\/wp\/v2\/media?parent=5924"}],"wp:term":[{"taxonomy":"product_brand","embeddable":true,"href":"https:\/\/www.flacunhasemijoias.com.br\/loja\/wp-json\/wp\/v2\/product_brand?post=5924"},{"taxonomy":"product_cat","embeddable":true,"href":"https:\/\/www.flacunhasemijoias.com.br\/loja\/wp-json\/wp\/v2\/product_cat?post=5924"},{"taxonomy":"product_tag","embeddable":true,"href":"https:\/\/www.flacunhasemijoias.com.br\/loja\/wp-json\/wp\/v2\/product_tag?post=5924"}],"curies":[{"name":"wp","href":"https:\/\/api.w.org\/{rel}","templated":true}]}}