{"id":5954,"date":"2025-09-17T16:25:50","date_gmt":"2025-09-17T19:25:50","guid":{"rendered":"https:\/\/www.flacunhasemijoias.com.br\/loja\/?post_type=product&#038;p=5954"},"modified":"2025-11-19T16:21:50","modified_gmt":"2025-11-19T19:21:50","slug":"colar-de-zirconia-ferrugem-com-mini-coracoes-banhado-a-ouro18k","status":"publish","type":"product","link":"https:\/\/www.flacunhasemijoias.com.br\/loja\/produto\/colar-de-zirconia-ferrugem-com-mini-coracoes-banhado-a-ouro18k\/","title":{"rendered":"Colar de Zirc\u00f4nia Ferrugem com Mini Cora\u00e7\u00f5es Banhado a Ouro18k"},"content":{"rendered":"<p>Colar de zirc\u00f4nia ferrugem com mini cora\u00e7\u00f5es e um cora\u00e7\u00e3o maior no centro, banhado a ouro18k.<\/p>\n","protected":false},"excerpt":{"rendered":"<p>Colar de zirc\u00f4nia ferrugem com mini cora\u00e7\u00f5es e um cora\u00e7\u00e3o maior no centro, banhado a ouro18k.<\/p>\n","protected":false},"featured_media":5959,"template":"","meta":[],"product_brand":[],"product_cat":[46],"product_tag":[85,200,315],"class_list":{"0":"post-5954","1":"product","2":"type-product","3":"status-publish","4":"has-post-thumbnail","6":"product_cat-colares","7":"product_tag-colar","8":"product_tag-mini-coracoes","9":"product_tag-zirconia-ferrugem","11":"first","12":"outofstock","13":"shipping-taxable","14":"purchasable","15":"product-type-simple"},"aioseo_notices":[],"_links":{"self":[{"href":"https:\/\/www.flacunhasemijoias.com.br\/loja\/wp-json\/wp\/v2\/product\/5954","targetHints":{"allow":["GET"]}}],"collection":[{"href":"https:\/\/www.flacunhasemijoias.com.br\/loja\/wp-json\/wp\/v2\/product"}],"about":[{"href":"https:\/\/www.flacunhasemijoias.com.br\/loja\/wp-json\/wp\/v2\/types\/product"}],"wp:featuredmedia":[{"embeddable":true,"href":"https:\/\/www.flacunhasemijoias.com.br\/loja\/wp-json\/wp\/v2\/media\/5959"}],"wp:attachment":[{"href":"https:\/\/www.flacunhasemijoias.com.br\/loja\/wp-json\/wp\/v2\/media?parent=5954"}],"wp:term":[{"taxonomy":"product_brand","embeddable":true,"href":"https:\/\/www.flacunhasemijoias.com.br\/loja\/wp-json\/wp\/v2\/product_brand?post=5954"},{"taxonomy":"product_cat","embeddable":true,"href":"https:\/\/www.flacunhasemijoias.com.br\/loja\/wp-json\/wp\/v2\/product_cat?post=5954"},{"taxonomy":"product_tag","embeddable":true,"href":"https:\/\/www.flacunhasemijoias.com.br\/loja\/wp-json\/wp\/v2\/product_tag?post=5954"}],"curies":[{"name":"wp","href":"https:\/\/api.w.org\/{rel}","templated":true}]}}