{"id":6040,"date":"2025-10-01T12:07:01","date_gmt":"2025-10-01T15:07:01","guid":{"rendered":"https:\/\/www.flacunhasemijoias.com.br\/loja\/?post_type=product&#038;p=6040"},"modified":"2025-10-01T12:07:02","modified_gmt":"2025-10-01T15:07:02","slug":"brinco-trevo-g-com-zirconias-brancas-e-madreperola-banhado-a-ouro18k","status":"publish","type":"product","link":"https:\/\/www.flacunhasemijoias.com.br\/loja\/produto\/brinco-trevo-g-com-zirconias-brancas-e-madreperola-banhado-a-ouro18k\/","title":{"rendered":"Brinco Trevo G com Zirc\u00f4nias Brancas e Madrep\u00e9rola Banhado a Ouro18k"},"content":{"rendered":"<p>Brinco trevo G cravejado com zirc\u00f4nias brancas e madrep\u00e9rola, banhado a ouro 18k.<\/p>\n","protected":false},"excerpt":{"rendered":"<p>Brinco trevo G cravejado com zirc\u00f4nias brancas e madrep\u00e9rola, banhado a ouro 18k.<\/p>\n","protected":false},"featured_media":6042,"template":"","meta":[],"product_brand":[],"product_cat":[45],"product_tag":[66,72,62,282,266,54],"class_list":{"0":"post-6040","1":"product","2":"type-product","3":"status-publish","4":"has-post-thumbnail","6":"product_cat-brincos","7":"product_tag-brinco","8":"product_tag-cravejado","9":"product_tag-folheado","10":"product_tag-madreperola","11":"product_tag-trevo","12":"product_tag-zirconia","14":"first","15":"instock","16":"shipping-taxable","17":"purchasable","18":"product-type-simple"},"aioseo_notices":[],"_links":{"self":[{"href":"https:\/\/www.flacunhasemijoias.com.br\/loja\/wp-json\/wp\/v2\/product\/6040","targetHints":{"allow":["GET"]}}],"collection":[{"href":"https:\/\/www.flacunhasemijoias.com.br\/loja\/wp-json\/wp\/v2\/product"}],"about":[{"href":"https:\/\/www.flacunhasemijoias.com.br\/loja\/wp-json\/wp\/v2\/types\/product"}],"wp:featuredmedia":[{"embeddable":true,"href":"https:\/\/www.flacunhasemijoias.com.br\/loja\/wp-json\/wp\/v2\/media\/6042"}],"wp:attachment":[{"href":"https:\/\/www.flacunhasemijoias.com.br\/loja\/wp-json\/wp\/v2\/media?parent=6040"}],"wp:term":[{"taxonomy":"product_brand","embeddable":true,"href":"https:\/\/www.flacunhasemijoias.com.br\/loja\/wp-json\/wp\/v2\/product_brand?post=6040"},{"taxonomy":"product_cat","embeddable":true,"href":"https:\/\/www.flacunhasemijoias.com.br\/loja\/wp-json\/wp\/v2\/product_cat?post=6040"},{"taxonomy":"product_tag","embeddable":true,"href":"https:\/\/www.flacunhasemijoias.com.br\/loja\/wp-json\/wp\/v2\/product_tag?post=6040"}],"curies":[{"name":"wp","href":"https:\/\/api.w.org\/{rel}","templated":true}]}}