{"id":6094,"date":"2025-10-01T16:03:23","date_gmt":"2025-10-01T19:03:23","guid":{"rendered":"https:\/\/www.flacunhasemijoias.com.br\/loja\/?post_type=product&#038;p=6094"},"modified":"2025-10-25T14:28:30","modified_gmt":"2025-10-25T17:28:30","slug":"colar-agua-marinha-pingente-mao-de-fatima-banhado-a-ouro18k","status":"publish","type":"product","link":"https:\/\/www.flacunhasemijoias.com.br\/loja\/produto\/colar-agua-marinha-pingente-mao-de-fatima-banhado-a-ouro18k\/","title":{"rendered":"Colar \u00c1gua Marinha Pingente M\u00e3o de F\u00e1tima Banhado a Ouro18k"},"content":{"rendered":"<p>Colar pedra natural \u00e1gua marinha com pingente m\u00e3o de F\u00e1tima, banhado a ouro 18k.<\/p>\n","protected":false},"excerpt":{"rendered":"<p>Colar pedra natural \u00e1gua marinha com pingente m\u00e3o de F\u00e1tima, banhado a ouro 18k.<\/p>\n","protected":false},"featured_media":6097,"template":"","meta":[],"product_brand":[],"product_cat":[46],"product_tag":[89,85,72,62,169,54],"class_list":{"0":"post-6094","1":"product","2":"type-product","3":"status-publish","4":"has-post-thumbnail","6":"product_cat-colares","7":"product_tag-agua-marinha","8":"product_tag-colar","9":"product_tag-cravejado","10":"product_tag-folheado","11":"product_tag-mao-de-fatima","12":"product_tag-zirconia","14":"first","15":"outofstock","16":"shipping-taxable","17":"purchasable","18":"product-type-simple"},"aioseo_notices":[],"_links":{"self":[{"href":"https:\/\/www.flacunhasemijoias.com.br\/loja\/wp-json\/wp\/v2\/product\/6094","targetHints":{"allow":["GET"]}}],"collection":[{"href":"https:\/\/www.flacunhasemijoias.com.br\/loja\/wp-json\/wp\/v2\/product"}],"about":[{"href":"https:\/\/www.flacunhasemijoias.com.br\/loja\/wp-json\/wp\/v2\/types\/product"}],"wp:featuredmedia":[{"embeddable":true,"href":"https:\/\/www.flacunhasemijoias.com.br\/loja\/wp-json\/wp\/v2\/media\/6097"}],"wp:attachment":[{"href":"https:\/\/www.flacunhasemijoias.com.br\/loja\/wp-json\/wp\/v2\/media?parent=6094"}],"wp:term":[{"taxonomy":"product_brand","embeddable":true,"href":"https:\/\/www.flacunhasemijoias.com.br\/loja\/wp-json\/wp\/v2\/product_brand?post=6094"},{"taxonomy":"product_cat","embeddable":true,"href":"https:\/\/www.flacunhasemijoias.com.br\/loja\/wp-json\/wp\/v2\/product_cat?post=6094"},{"taxonomy":"product_tag","embeddable":true,"href":"https:\/\/www.flacunhasemijoias.com.br\/loja\/wp-json\/wp\/v2\/product_tag?post=6094"}],"curies":[{"name":"wp","href":"https:\/\/api.w.org\/{rel}","templated":true}]}}