{"id":6099,"date":"2025-10-01T16:54:14","date_gmt":"2025-10-01T19:54:14","guid":{"rendered":"https:\/\/www.flacunhasemijoias.com.br\/loja\/?post_type=product&#038;p=6099"},"modified":"2025-11-15T15:28:14","modified_gmt":"2025-11-15T18:28:14","slug":"colar-pedra-natural-granada-pingente-de-coracao-banhado-a-ouro18k","status":"publish","type":"product","link":"https:\/\/www.flacunhasemijoias.com.br\/loja\/produto\/colar-pedra-natural-granada-pingente-de-coracao-banhado-a-ouro18k\/","title":{"rendered":"Colar Pedra Natural Granada Pingente de Cora\u00e7\u00e3o Banhado a Ouro18k"},"content":{"rendered":"<p>Colar pedra natural granada com pingente de cora\u00e7\u00e3o cravejado com zirc\u00f4nias brancas, banhado a ouro 18k.<\/p>\n","protected":false},"excerpt":{"rendered":"<p>Colar pedra natural granada com pingente de cora\u00e7\u00e3o cravejado com zirc\u00f4nias brancas, banhado a ouro 18k.<\/p>\n","protected":false},"featured_media":6101,"template":"","meta":[],"product_brand":[],"product_cat":[46],"product_tag":[85,113,72,325,62,233],"class_list":{"0":"post-6099","1":"product","2":"type-product","3":"status-publish","4":"has-post-thumbnail","6":"product_cat-colares","7":"product_tag-colar","8":"product_tag-coracao","9":"product_tag-cravejado","10":"product_tag-cruz","11":"product_tag-folheado","12":"product_tag-granada","14":"first","15":"outofstock","16":"shipping-taxable","17":"purchasable","18":"product-type-simple"},"aioseo_notices":[],"_links":{"self":[{"href":"https:\/\/www.flacunhasemijoias.com.br\/loja\/wp-json\/wp\/v2\/product\/6099","targetHints":{"allow":["GET"]}}],"collection":[{"href":"https:\/\/www.flacunhasemijoias.com.br\/loja\/wp-json\/wp\/v2\/product"}],"about":[{"href":"https:\/\/www.flacunhasemijoias.com.br\/loja\/wp-json\/wp\/v2\/types\/product"}],"wp:featuredmedia":[{"embeddable":true,"href":"https:\/\/www.flacunhasemijoias.com.br\/loja\/wp-json\/wp\/v2\/media\/6101"}],"wp:attachment":[{"href":"https:\/\/www.flacunhasemijoias.com.br\/loja\/wp-json\/wp\/v2\/media?parent=6099"}],"wp:term":[{"taxonomy":"product_brand","embeddable":true,"href":"https:\/\/www.flacunhasemijoias.com.br\/loja\/wp-json\/wp\/v2\/product_brand?post=6099"},{"taxonomy":"product_cat","embeddable":true,"href":"https:\/\/www.flacunhasemijoias.com.br\/loja\/wp-json\/wp\/v2\/product_cat?post=6099"},{"taxonomy":"product_tag","embeddable":true,"href":"https:\/\/www.flacunhasemijoias.com.br\/loja\/wp-json\/wp\/v2\/product_tag?post=6099"}],"curies":[{"name":"wp","href":"https:\/\/api.w.org\/{rel}","templated":true}]}}