{"id":6130,"date":"2025-10-02T11:34:12","date_gmt":"2025-10-02T14:34:12","guid":{"rendered":"https:\/\/www.flacunhasemijoias.com.br\/loja\/?post_type=product&#038;p=6130"},"modified":"2025-10-02T11:36:36","modified_gmt":"2025-10-02T14:36:36","slug":"colar-zirconia-salmao-com-pingente-mao-de-fatima-banhado-a-ouro18k","status":"publish","type":"product","link":"https:\/\/www.flacunhasemijoias.com.br\/loja\/produto\/colar-zirconia-salmao-com-pingente-mao-de-fatima-banhado-a-ouro18k\/","title":{"rendered":"Colar Zirc\u00f4nia Salm\u00e3o com Pingente M\u00e3o de F\u00e1tima Banhado a Ouro18k"},"content":{"rendered":"<p>Colar zirc\u00f4nia salm\u00e3o com pingente m\u00e3o de F\u00e1tima, banhado a ouro 18k.<\/p>\n","protected":false},"excerpt":{"rendered":"<p>Colar zirc\u00f4nia salm\u00e3o com pingente m\u00e3o de F\u00e1tima, banhado a ouro 18k.<\/p>\n","protected":false},"featured_media":6131,"template":"","meta":[],"product_brand":[],"product_cat":[46],"product_tag":[85,72,62,169,54,327],"class_list":{"0":"post-6130","1":"product","2":"type-product","3":"status-publish","4":"has-post-thumbnail","6":"product_cat-colares","7":"product_tag-colar","8":"product_tag-cravejado","9":"product_tag-folheado","10":"product_tag-mao-de-fatima","11":"product_tag-zirconia","12":"product_tag-zirconia-salmao","14":"first","15":"instock","16":"shipping-taxable","17":"purchasable","18":"product-type-simple"},"aioseo_notices":[],"_links":{"self":[{"href":"https:\/\/www.flacunhasemijoias.com.br\/loja\/wp-json\/wp\/v2\/product\/6130","targetHints":{"allow":["GET"]}}],"collection":[{"href":"https:\/\/www.flacunhasemijoias.com.br\/loja\/wp-json\/wp\/v2\/product"}],"about":[{"href":"https:\/\/www.flacunhasemijoias.com.br\/loja\/wp-json\/wp\/v2\/types\/product"}],"wp:featuredmedia":[{"embeddable":true,"href":"https:\/\/www.flacunhasemijoias.com.br\/loja\/wp-json\/wp\/v2\/media\/6131"}],"wp:attachment":[{"href":"https:\/\/www.flacunhasemijoias.com.br\/loja\/wp-json\/wp\/v2\/media?parent=6130"}],"wp:term":[{"taxonomy":"product_brand","embeddable":true,"href":"https:\/\/www.flacunhasemijoias.com.br\/loja\/wp-json\/wp\/v2\/product_brand?post=6130"},{"taxonomy":"product_cat","embeddable":true,"href":"https:\/\/www.flacunhasemijoias.com.br\/loja\/wp-json\/wp\/v2\/product_cat?post=6130"},{"taxonomy":"product_tag","embeddable":true,"href":"https:\/\/www.flacunhasemijoias.com.br\/loja\/wp-json\/wp\/v2\/product_tag?post=6130"}],"curies":[{"name":"wp","href":"https:\/\/api.w.org\/{rel}","templated":true}]}}