{"id":6168,"date":"2025-10-02T16:59:34","date_gmt":"2025-10-02T19:59:34","guid":{"rendered":"https:\/\/www.flacunhasemijoias.com.br\/loja\/?post_type=product&#038;p=6168"},"modified":"2025-10-02T16:59:36","modified_gmt":"2025-10-02T19:59:36","slug":"colar-borboletas-cravejadas-com-zirconias-brancas-em-rodio-branco","status":"publish","type":"product","link":"https:\/\/www.flacunhasemijoias.com.br\/loja\/produto\/colar-borboletas-cravejadas-com-zirconias-brancas-em-rodio-branco\/","title":{"rendered":"Colar Borboletas Cravejadas com Zirc\u00f4nias Brancas em R\u00f3dio Branco"},"content":{"rendered":"<p>Colar borboletas cravejadas com zirc\u00f4nias brancas, em r\u00f3dio branco.<\/p>\n","protected":false},"excerpt":{"rendered":"<p>Colar borboletas cravejadas com zirc\u00f4nias brancas, em r\u00f3dio branco.<\/p>\n","protected":false},"featured_media":6169,"template":"","meta":[],"product_brand":[],"product_cat":[46],"product_tag":[331,85,72,160,54],"class_list":{"0":"post-6168","1":"product","2":"type-product","3":"status-publish","4":"has-post-thumbnail","6":"product_cat-colares","7":"product_tag-borboletas","8":"product_tag-colar","9":"product_tag-cravejado","10":"product_tag-rodio-branco","11":"product_tag-zirconia","13":"first","14":"instock","15":"shipping-taxable","16":"purchasable","17":"product-type-simple"},"aioseo_notices":[],"_links":{"self":[{"href":"https:\/\/www.flacunhasemijoias.com.br\/loja\/wp-json\/wp\/v2\/product\/6168","targetHints":{"allow":["GET"]}}],"collection":[{"href":"https:\/\/www.flacunhasemijoias.com.br\/loja\/wp-json\/wp\/v2\/product"}],"about":[{"href":"https:\/\/www.flacunhasemijoias.com.br\/loja\/wp-json\/wp\/v2\/types\/product"}],"wp:featuredmedia":[{"embeddable":true,"href":"https:\/\/www.flacunhasemijoias.com.br\/loja\/wp-json\/wp\/v2\/media\/6169"}],"wp:attachment":[{"href":"https:\/\/www.flacunhasemijoias.com.br\/loja\/wp-json\/wp\/v2\/media?parent=6168"}],"wp:term":[{"taxonomy":"product_brand","embeddable":true,"href":"https:\/\/www.flacunhasemijoias.com.br\/loja\/wp-json\/wp\/v2\/product_brand?post=6168"},{"taxonomy":"product_cat","embeddable":true,"href":"https:\/\/www.flacunhasemijoias.com.br\/loja\/wp-json\/wp\/v2\/product_cat?post=6168"},{"taxonomy":"product_tag","embeddable":true,"href":"https:\/\/www.flacunhasemijoias.com.br\/loja\/wp-json\/wp\/v2\/product_tag?post=6168"}],"curies":[{"name":"wp","href":"https:\/\/api.w.org\/{rel}","templated":true}]}}