{"id":6242,"date":"2025-10-22T16:39:16","date_gmt":"2025-10-22T19:39:16","guid":{"rendered":"https:\/\/www.flacunhasemijoias.com.br\/loja\/?post_type=product&#038;p=6242"},"modified":"2025-10-22T16:39:16","modified_gmt":"2025-10-22T19:39:16","slug":"brinco-mini-gota-safira-pink-3mm-cravacao-em-prata-925","status":"publish","type":"product","link":"https:\/\/www.flacunhasemijoias.com.br\/loja\/produto\/brinco-mini-gota-safira-pink-3mm-cravacao-em-prata-925\/","title":{"rendered":"Brinco Mini Gota Safira Pink 3mm Crava\u00e7\u00e3o em Prata 925"},"content":{"rendered":"<p>Brinco mini gota safira pink 3mm crava\u00e7\u00e3o em zirc\u00f4nia branca, em prata 925.<\/p>\n","protected":false},"excerpt":{"rendered":"<p>Brinco mini gota safira pink 3mm crava\u00e7\u00e3o em zirc\u00f4nia branca, em prata 925.<\/p>\n","protected":false},"featured_media":6243,"template":"","meta":[],"product_brand":[],"product_cat":[45],"product_tag":[66,72,139,141,272],"class_list":{"0":"post-6242","1":"product","2":"type-product","3":"status-publish","4":"has-post-thumbnail","6":"product_cat-brincos","7":"product_tag-brinco","8":"product_tag-cravejado","9":"product_tag-gota","10":"product_tag-prata-925","11":"product_tag-safira-pink","13":"first","14":"instock","15":"shipping-taxable","16":"purchasable","17":"product-type-simple"},"aioseo_notices":[],"_links":{"self":[{"href":"https:\/\/www.flacunhasemijoias.com.br\/loja\/wp-json\/wp\/v2\/product\/6242","targetHints":{"allow":["GET"]}}],"collection":[{"href":"https:\/\/www.flacunhasemijoias.com.br\/loja\/wp-json\/wp\/v2\/product"}],"about":[{"href":"https:\/\/www.flacunhasemijoias.com.br\/loja\/wp-json\/wp\/v2\/types\/product"}],"wp:featuredmedia":[{"embeddable":true,"href":"https:\/\/www.flacunhasemijoias.com.br\/loja\/wp-json\/wp\/v2\/media\/6243"}],"wp:attachment":[{"href":"https:\/\/www.flacunhasemijoias.com.br\/loja\/wp-json\/wp\/v2\/media?parent=6242"}],"wp:term":[{"taxonomy":"product_brand","embeddable":true,"href":"https:\/\/www.flacunhasemijoias.com.br\/loja\/wp-json\/wp\/v2\/product_brand?post=6242"},{"taxonomy":"product_cat","embeddable":true,"href":"https:\/\/www.flacunhasemijoias.com.br\/loja\/wp-json\/wp\/v2\/product_cat?post=6242"},{"taxonomy":"product_tag","embeddable":true,"href":"https:\/\/www.flacunhasemijoias.com.br\/loja\/wp-json\/wp\/v2\/product_tag?post=6242"}],"curies":[{"name":"wp","href":"https:\/\/api.w.org\/{rel}","templated":true}]}}