{"id":6255,"date":"2025-10-22T17:44:45","date_gmt":"2025-10-22T20:44:45","guid":{"rendered":"https:\/\/www.flacunhasemijoias.com.br\/loja\/?post_type=product&#038;p=6255"},"modified":"2025-12-18T11:02:12","modified_gmt":"2025-12-18T14:02:12","slug":"brinco-de-pressao-perola-banhado-a-ouro18k","status":"publish","type":"product","link":"https:\/\/www.flacunhasemijoias.com.br\/loja\/produto\/brinco-de-pressao-perola-banhado-a-ouro18k\/","title":{"rendered":"Brinco de Press\u00e3o P\u00e9rola Banhado a Ouro18k"},"content":{"rendered":"<p>Brinco de press\u00e3o p\u00e9rola com crava\u00e7\u00e3o de zirc\u00f4nias brancas, banhado a ouro18k.<\/p>\n","protected":false},"excerpt":{"rendered":"<p>Brinco de press\u00e3o p\u00e9rola com crava\u00e7\u00e3o de zirc\u00f4nias brancas, banhado a ouro18k.<\/p>\n","protected":false},"featured_media":6256,"template":"","meta":[],"product_brand":[],"product_cat":[45],"product_tag":[66,72,62,58,54],"class_list":{"0":"post-6255","1":"product","2":"type-product","3":"status-publish","4":"has-post-thumbnail","6":"product_cat-brincos","7":"product_tag-brinco","8":"product_tag-cravejado","9":"product_tag-folheado","10":"product_tag-perola","11":"product_tag-zirconia","13":"first","14":"outofstock","15":"shipping-taxable","16":"purchasable","17":"product-type-simple"},"aioseo_notices":[],"_links":{"self":[{"href":"https:\/\/www.flacunhasemijoias.com.br\/loja\/wp-json\/wp\/v2\/product\/6255","targetHints":{"allow":["GET"]}}],"collection":[{"href":"https:\/\/www.flacunhasemijoias.com.br\/loja\/wp-json\/wp\/v2\/product"}],"about":[{"href":"https:\/\/www.flacunhasemijoias.com.br\/loja\/wp-json\/wp\/v2\/types\/product"}],"wp:featuredmedia":[{"embeddable":true,"href":"https:\/\/www.flacunhasemijoias.com.br\/loja\/wp-json\/wp\/v2\/media\/6256"}],"wp:attachment":[{"href":"https:\/\/www.flacunhasemijoias.com.br\/loja\/wp-json\/wp\/v2\/media?parent=6255"}],"wp:term":[{"taxonomy":"product_brand","embeddable":true,"href":"https:\/\/www.flacunhasemijoias.com.br\/loja\/wp-json\/wp\/v2\/product_brand?post=6255"},{"taxonomy":"product_cat","embeddable":true,"href":"https:\/\/www.flacunhasemijoias.com.br\/loja\/wp-json\/wp\/v2\/product_cat?post=6255"},{"taxonomy":"product_tag","embeddable":true,"href":"https:\/\/www.flacunhasemijoias.com.br\/loja\/wp-json\/wp\/v2\/product_tag?post=6255"}],"curies":[{"name":"wp","href":"https:\/\/api.w.org\/{rel}","templated":true}]}}