{"id":6264,"date":"2025-10-22T17:57:34","date_gmt":"2025-10-22T20:57:34","guid":{"rendered":"https:\/\/www.flacunhasemijoias.com.br\/loja\/?post_type=product&#038;p=6264"},"modified":"2025-11-14T13:11:00","modified_gmt":"2025-11-14T16:11:00","slug":"colar-gota-7mm-rubi-com-zirconias-em-prata-925","status":"publish","type":"product","link":"https:\/\/www.flacunhasemijoias.com.br\/loja\/produto\/colar-gota-7mm-rubi-com-zirconias-em-prata-925\/","title":{"rendered":"Colar Gota 7mm Rubi com Zirc\u00f4nias em Prata 925"},"content":{"rendered":"<p>Colar gota 7mm pedra natural rubi com crava\u00e7\u00e3o de zirc\u00f4nias brancas, em prata 925.<\/p>\n","protected":false},"excerpt":{"rendered":"<p>Colar gota 7mm pedra natural rubi com crava\u00e7\u00e3o de zirc\u00f4nias brancas, em prata 925.<\/p>\n","protected":false},"featured_media":6265,"template":"","meta":[],"product_brand":[],"product_cat":[46],"product_tag":[85,72,139,141,61,54],"class_list":{"0":"post-6264","1":"product","2":"type-product","3":"status-publish","4":"has-post-thumbnail","6":"product_cat-colares","7":"product_tag-colar","8":"product_tag-cravejado","9":"product_tag-gota","10":"product_tag-prata-925","11":"product_tag-rubi","12":"product_tag-zirconia","14":"first","15":"outofstock","16":"shipping-taxable","17":"purchasable","18":"product-type-simple"},"aioseo_notices":[],"_links":{"self":[{"href":"https:\/\/www.flacunhasemijoias.com.br\/loja\/wp-json\/wp\/v2\/product\/6264","targetHints":{"allow":["GET"]}}],"collection":[{"href":"https:\/\/www.flacunhasemijoias.com.br\/loja\/wp-json\/wp\/v2\/product"}],"about":[{"href":"https:\/\/www.flacunhasemijoias.com.br\/loja\/wp-json\/wp\/v2\/types\/product"}],"wp:featuredmedia":[{"embeddable":true,"href":"https:\/\/www.flacunhasemijoias.com.br\/loja\/wp-json\/wp\/v2\/media\/6265"}],"wp:attachment":[{"href":"https:\/\/www.flacunhasemijoias.com.br\/loja\/wp-json\/wp\/v2\/media?parent=6264"}],"wp:term":[{"taxonomy":"product_brand","embeddable":true,"href":"https:\/\/www.flacunhasemijoias.com.br\/loja\/wp-json\/wp\/v2\/product_brand?post=6264"},{"taxonomy":"product_cat","embeddable":true,"href":"https:\/\/www.flacunhasemijoias.com.br\/loja\/wp-json\/wp\/v2\/product_cat?post=6264"},{"taxonomy":"product_tag","embeddable":true,"href":"https:\/\/www.flacunhasemijoias.com.br\/loja\/wp-json\/wp\/v2\/product_tag?post=6264"}],"curies":[{"name":"wp","href":"https:\/\/api.w.org\/{rel}","templated":true}]}}