{"id":6377,"date":"2025-10-30T17:28:03","date_gmt":"2025-10-30T20:28:03","guid":{"rendered":"https:\/\/www.flacunhasemijoias.com.br\/loja\/?post_type=product&#038;p=6377"},"modified":"2025-12-18T14:40:05","modified_gmt":"2025-12-18T17:40:05","slug":"anel-com-zirconias-negras-e-zirconias-brancas-em-prata-925","status":"publish","type":"product","link":"https:\/\/www.flacunhasemijoias.com.br\/loja\/produto\/anel-com-zirconias-negras-e-zirconias-brancas-em-prata-925\/","title":{"rendered":"Anel com Zirc\u00f4nias Negras e Zirc\u00f4nias Brancas em Prata 925"},"content":{"rendered":"<p>Anel com zirc\u00f4nias negras e zirc\u00f4nias brancas, em prata 925.<\/p>\n","protected":false},"excerpt":{"rendered":"<p>Anel com zirc\u00f4nias negras e zirc\u00f4nias brancas, em prata 925.<\/p>\n","protected":false},"featured_media":6380,"template":"","meta":[],"product_brand":[],"product_cat":[213],"product_tag":[65,141,54,78],"class_list":{"0":"post-6377","1":"product","2":"type-product","3":"status-publish","4":"has-post-thumbnail","6":"product_cat-aneis","7":"product_tag-anel","8":"product_tag-prata-925","9":"product_tag-zirconia","10":"product_tag-zirconia-negra","11":"pa_numero-32","12":"pa_numero-35","13":"pa_numero-37","15":"first","16":"instock","17":"shipping-taxable","18":"purchasable","19":"product-type-variable"},"aioseo_notices":[],"_links":{"self":[{"href":"https:\/\/www.flacunhasemijoias.com.br\/loja\/wp-json\/wp\/v2\/product\/6377","targetHints":{"allow":["GET"]}}],"collection":[{"href":"https:\/\/www.flacunhasemijoias.com.br\/loja\/wp-json\/wp\/v2\/product"}],"about":[{"href":"https:\/\/www.flacunhasemijoias.com.br\/loja\/wp-json\/wp\/v2\/types\/product"}],"wp:featuredmedia":[{"embeddable":true,"href":"https:\/\/www.flacunhasemijoias.com.br\/loja\/wp-json\/wp\/v2\/media\/6380"}],"wp:attachment":[{"href":"https:\/\/www.flacunhasemijoias.com.br\/loja\/wp-json\/wp\/v2\/media?parent=6377"}],"wp:term":[{"taxonomy":"product_brand","embeddable":true,"href":"https:\/\/www.flacunhasemijoias.com.br\/loja\/wp-json\/wp\/v2\/product_brand?post=6377"},{"taxonomy":"product_cat","embeddable":true,"href":"https:\/\/www.flacunhasemijoias.com.br\/loja\/wp-json\/wp\/v2\/product_cat?post=6377"},{"taxonomy":"product_tag","embeddable":true,"href":"https:\/\/www.flacunhasemijoias.com.br\/loja\/wp-json\/wp\/v2\/product_tag?post=6377"}],"curies":[{"name":"wp","href":"https:\/\/api.w.org\/{rel}","templated":true}]}}