{"id":6454,"date":"2025-11-07T12:17:57","date_gmt":"2025-11-07T15:17:57","guid":{"rendered":"https:\/\/www.flacunhasemijoias.com.br\/loja\/?post_type=product&#038;p=6454"},"modified":"2025-11-07T14:12:07","modified_gmt":"2025-11-07T17:12:07","slug":"pulseira-com-coracao-yellow-fancy-em-prata-925","status":"publish","type":"product","link":"https:\/\/www.flacunhasemijoias.com.br\/loja\/produto\/pulseira-com-coracao-yellow-fancy-em-prata-925\/","title":{"rendered":"Pulseira Cravejada de Zirc\u00f4nias com Cora\u00e7\u00e3o Yellow Fancy em Prata 925"},"content":{"rendered":"<p>Pulseira com cora\u00e7\u00e3o yellow fancy, cravejada de zirc\u00f4nias brancas, em prata 925. Com 17,5cm de comprimento.<\/p>\n","protected":false},"excerpt":{"rendered":"<p>Pulseira com cora\u00e7\u00e3o yellow fancy, cravejada de zirc\u00f4nias brancas, em prata 925. Com 17,5cm de comprimento.<\/p>\n","protected":false},"featured_media":6455,"template":"","meta":[],"product_brand":[],"product_cat":[47],"product_tag":[113,72,141,73,270,54],"class_list":{"0":"post-6454","1":"product","2":"type-product","3":"status-publish","4":"has-post-thumbnail","6":"product_cat-pulseiras","7":"product_tag-coracao","8":"product_tag-cravejado","9":"product_tag-prata-925","10":"product_tag-pulseira","11":"product_tag-yellow-fancy","12":"product_tag-zirconia","14":"first","15":"instock","16":"shipping-taxable","17":"purchasable","18":"product-type-simple"},"aioseo_notices":[],"_links":{"self":[{"href":"https:\/\/www.flacunhasemijoias.com.br\/loja\/wp-json\/wp\/v2\/product\/6454","targetHints":{"allow":["GET"]}}],"collection":[{"href":"https:\/\/www.flacunhasemijoias.com.br\/loja\/wp-json\/wp\/v2\/product"}],"about":[{"href":"https:\/\/www.flacunhasemijoias.com.br\/loja\/wp-json\/wp\/v2\/types\/product"}],"wp:featuredmedia":[{"embeddable":true,"href":"https:\/\/www.flacunhasemijoias.com.br\/loja\/wp-json\/wp\/v2\/media\/6455"}],"wp:attachment":[{"href":"https:\/\/www.flacunhasemijoias.com.br\/loja\/wp-json\/wp\/v2\/media?parent=6454"}],"wp:term":[{"taxonomy":"product_brand","embeddable":true,"href":"https:\/\/www.flacunhasemijoias.com.br\/loja\/wp-json\/wp\/v2\/product_brand?post=6454"},{"taxonomy":"product_cat","embeddable":true,"href":"https:\/\/www.flacunhasemijoias.com.br\/loja\/wp-json\/wp\/v2\/product_cat?post=6454"},{"taxonomy":"product_tag","embeddable":true,"href":"https:\/\/www.flacunhasemijoias.com.br\/loja\/wp-json\/wp\/v2\/product_tag?post=6454"}],"curies":[{"name":"wp","href":"https:\/\/api.w.org\/{rel}","templated":true}]}}