{"id":6462,"date":"2025-11-07T13:15:27","date_gmt":"2025-11-07T16:15:27","guid":{"rendered":"https:\/\/www.flacunhasemijoias.com.br\/loja\/?post_type=product&#038;p=6462"},"modified":"2025-11-15T14:58:42","modified_gmt":"2025-11-15T17:58:42","slug":"bracelete-cravejado-com-zirconias-brancas-pingente-de-coracao-banhado-a-ouro18k","status":"publish","type":"product","link":"https:\/\/www.flacunhasemijoias.com.br\/loja\/produto\/bracelete-cravejado-com-zirconias-brancas-pingente-de-coracao-banhado-a-ouro18k\/","title":{"rendered":"Bracelete Cravejado com Zirc\u00f4nias Brancas Pingente de Cora\u00e7\u00e3o Banhado a Ouro18k"},"content":{"rendered":"<p>Bracelete cravejado com zirc\u00f4nias brancas e pingente de cora\u00e7\u00e3o, banhado a ouro18k.<\/p>\n","protected":false},"excerpt":{"rendered":"<p>Bracelete cravejado com zirc\u00f4nias brancas e pingente de cora\u00e7\u00e3o, banhado a ouro18k.<\/p>\n","protected":false},"featured_media":6463,"template":"","meta":[],"product_brand":[],"product_cat":[318],"product_tag":[185,113,72,62,54],"class_list":{"0":"post-6462","1":"product","2":"type-product","3":"status-publish","4":"has-post-thumbnail","6":"product_cat-braceletes","7":"product_tag-bracelete","8":"product_tag-coracao","9":"product_tag-cravejado","10":"product_tag-folheado","11":"product_tag-zirconia","13":"first","14":"instock","15":"shipping-taxable","16":"purchasable","17":"product-type-simple"},"aioseo_notices":[],"_links":{"self":[{"href":"https:\/\/www.flacunhasemijoias.com.br\/loja\/wp-json\/wp\/v2\/product\/6462","targetHints":{"allow":["GET"]}}],"collection":[{"href":"https:\/\/www.flacunhasemijoias.com.br\/loja\/wp-json\/wp\/v2\/product"}],"about":[{"href":"https:\/\/www.flacunhasemijoias.com.br\/loja\/wp-json\/wp\/v2\/types\/product"}],"wp:featuredmedia":[{"embeddable":true,"href":"https:\/\/www.flacunhasemijoias.com.br\/loja\/wp-json\/wp\/v2\/media\/6463"}],"wp:attachment":[{"href":"https:\/\/www.flacunhasemijoias.com.br\/loja\/wp-json\/wp\/v2\/media?parent=6462"}],"wp:term":[{"taxonomy":"product_brand","embeddable":true,"href":"https:\/\/www.flacunhasemijoias.com.br\/loja\/wp-json\/wp\/v2\/product_brand?post=6462"},{"taxonomy":"product_cat","embeddable":true,"href":"https:\/\/www.flacunhasemijoias.com.br\/loja\/wp-json\/wp\/v2\/product_cat?post=6462"},{"taxonomy":"product_tag","embeddable":true,"href":"https:\/\/www.flacunhasemijoias.com.br\/loja\/wp-json\/wp\/v2\/product_tag?post=6462"}],"curies":[{"name":"wp","href":"https:\/\/api.w.org\/{rel}","templated":true}]}}