{"id":6464,"date":"2025-11-07T13:20:15","date_gmt":"2025-11-07T16:20:15","guid":{"rendered":"https:\/\/www.flacunhasemijoias.com.br\/loja\/?post_type=product&#038;p=6464"},"modified":"2025-11-07T14:05:54","modified_gmt":"2025-11-07T17:05:54","slug":"bracelete-cravejado-com-zirconias-brancas-pingente-de-coracao-em-rodio-branco","status":"publish","type":"product","link":"https:\/\/www.flacunhasemijoias.com.br\/loja\/produto\/bracelete-cravejado-com-zirconias-brancas-pingente-de-coracao-em-rodio-branco\/","title":{"rendered":"Bracelete Cravejado com Zirc\u00f4nias Brancas e Pingente de Cora\u00e7\u00e3o em R\u00f3dio Branco"},"content":{"rendered":"<p>Bracelete cravejado com zirc\u00f4nias brancas e pingente de cora\u00e7\u00e3o em r\u00f3dio branco.<\/p>\n","protected":false},"excerpt":{"rendered":"<p>Bracelete cravejado com zirc\u00f4nias brancas e pingente de cora\u00e7\u00e3o em r\u00f3dio branco.<\/p>\n","protected":false},"featured_media":6465,"template":"","meta":[],"product_brand":[],"product_cat":[318],"product_tag":[185,113,72,160,54],"class_list":{"0":"post-6464","1":"product","2":"type-product","3":"status-publish","4":"has-post-thumbnail","6":"product_cat-braceletes","7":"product_tag-bracelete","8":"product_tag-coracao","9":"product_tag-cravejado","10":"product_tag-rodio-branco","11":"product_tag-zirconia","13":"first","14":"instock","15":"shipping-taxable","16":"purchasable","17":"product-type-simple"},"aioseo_notices":[],"_links":{"self":[{"href":"https:\/\/www.flacunhasemijoias.com.br\/loja\/wp-json\/wp\/v2\/product\/6464","targetHints":{"allow":["GET"]}}],"collection":[{"href":"https:\/\/www.flacunhasemijoias.com.br\/loja\/wp-json\/wp\/v2\/product"}],"about":[{"href":"https:\/\/www.flacunhasemijoias.com.br\/loja\/wp-json\/wp\/v2\/types\/product"}],"wp:featuredmedia":[{"embeddable":true,"href":"https:\/\/www.flacunhasemijoias.com.br\/loja\/wp-json\/wp\/v2\/media\/6465"}],"wp:attachment":[{"href":"https:\/\/www.flacunhasemijoias.com.br\/loja\/wp-json\/wp\/v2\/media?parent=6464"}],"wp:term":[{"taxonomy":"product_brand","embeddable":true,"href":"https:\/\/www.flacunhasemijoias.com.br\/loja\/wp-json\/wp\/v2\/product_brand?post=6464"},{"taxonomy":"product_cat","embeddable":true,"href":"https:\/\/www.flacunhasemijoias.com.br\/loja\/wp-json\/wp\/v2\/product_cat?post=6464"},{"taxonomy":"product_tag","embeddable":true,"href":"https:\/\/www.flacunhasemijoias.com.br\/loja\/wp-json\/wp\/v2\/product_tag?post=6464"}],"curies":[{"name":"wp","href":"https:\/\/api.w.org\/{rel}","templated":true}]}}