{"id":6491,"date":"2025-11-08T11:47:36","date_gmt":"2025-11-08T14:47:36","guid":{"rendered":"https:\/\/www.flacunhasemijoias.com.br\/loja\/?post_type=product&#038;p=6491"},"modified":"2026-02-10T15:33:41","modified_gmt":"2026-02-10T18:33:41","slug":"brinco-argola-pingente-com-perola-banhado-a-ouro18k","status":"publish","type":"product","link":"https:\/\/www.flacunhasemijoias.com.br\/loja\/produto\/brinco-argola-pingente-com-perola-banhado-a-ouro18k\/","title":{"rendered":"Brinco Argola Pingente com P\u00e9rola Banhado a Ouro18k"},"content":{"rendered":"<p>Brinco argola com pingente de p\u00e9rola, cora\u00e7\u00e3o e Espirito Santo, banhado a ouro18k.<\/p>\n","protected":false},"excerpt":{"rendered":"<p>Brinco argola com pingente de p\u00e9rola, cora\u00e7\u00e3o e Espirito Santo, banhado a ouro18k.<\/p>\n","protected":false},"featured_media":6492,"template":"","meta":[],"product_brand":[],"product_cat":[45],"product_tag":[136,66,113,72,201,62,58,54],"class_list":{"0":"post-6491","1":"product","2":"type-product","3":"status-publish","4":"has-post-thumbnail","6":"product_cat-brincos","7":"product_tag-argola","8":"product_tag-brinco","9":"product_tag-coracao","10":"product_tag-cravejado","11":"product_tag-espirito-santo","12":"product_tag-folheado","13":"product_tag-perola","14":"product_tag-zirconia","16":"first","17":"instock","18":"shipping-taxable","19":"purchasable","20":"product-type-simple"},"aioseo_notices":[],"_links":{"self":[{"href":"https:\/\/www.flacunhasemijoias.com.br\/loja\/wp-json\/wp\/v2\/product\/6491","targetHints":{"allow":["GET"]}}],"collection":[{"href":"https:\/\/www.flacunhasemijoias.com.br\/loja\/wp-json\/wp\/v2\/product"}],"about":[{"href":"https:\/\/www.flacunhasemijoias.com.br\/loja\/wp-json\/wp\/v2\/types\/product"}],"wp:featuredmedia":[{"embeddable":true,"href":"https:\/\/www.flacunhasemijoias.com.br\/loja\/wp-json\/wp\/v2\/media\/6492"}],"wp:attachment":[{"href":"https:\/\/www.flacunhasemijoias.com.br\/loja\/wp-json\/wp\/v2\/media?parent=6491"}],"wp:term":[{"taxonomy":"product_brand","embeddable":true,"href":"https:\/\/www.flacunhasemijoias.com.br\/loja\/wp-json\/wp\/v2\/product_brand?post=6491"},{"taxonomy":"product_cat","embeddable":true,"href":"https:\/\/www.flacunhasemijoias.com.br\/loja\/wp-json\/wp\/v2\/product_cat?post=6491"},{"taxonomy":"product_tag","embeddable":true,"href":"https:\/\/www.flacunhasemijoias.com.br\/loja\/wp-json\/wp\/v2\/product_tag?post=6491"}],"curies":[{"name":"wp","href":"https:\/\/api.w.org\/{rel}","templated":true}]}}