{"id":6494,"date":"2025-11-08T11:55:04","date_gmt":"2025-11-08T14:55:04","guid":{"rendered":"https:\/\/www.flacunhasemijoias.com.br\/loja\/?post_type=product&#038;p=6494"},"modified":"2026-03-25T13:00:35","modified_gmt":"2026-03-25T16:00:35","slug":"brinco-argola-pingentes-diversos-banhado-a-ouro18k","status":"publish","type":"product","link":"https:\/\/www.flacunhasemijoias.com.br\/loja\/produto\/brinco-argola-pingentes-diversos-banhado-a-ouro18k\/","title":{"rendered":"Brinco Argola Pingentes Diversos Banhado a Ouro18k."},"content":{"rendered":"<p>Brinco argola com pingente de la\u00e7o, cora\u00e7\u00e3o, flor e medalha religiosa, banhado a ouro18k.<\/p>\n","protected":false},"excerpt":{"rendered":"<p>Brinco argola com pingente de la\u00e7o, cora\u00e7\u00e3o, flor e medalha religiosa, banhado a ouro18k.<\/p>\n","protected":false},"featured_media":6495,"template":"","meta":[],"product_brand":[],"product_cat":[45],"product_tag":[136,66,113,72,62,175,54],"class_list":{"0":"post-6494","1":"product","2":"type-product","3":"status-publish","4":"has-post-thumbnail","6":"product_cat-brincos","7":"product_tag-argola","8":"product_tag-brinco","9":"product_tag-coracao","10":"product_tag-cravejado","11":"product_tag-folheado","12":"product_tag-laco","13":"product_tag-zirconia","15":"first","16":"outofstock","17":"shipping-taxable","18":"purchasable","19":"product-type-simple"},"aioseo_notices":[],"_links":{"self":[{"href":"https:\/\/www.flacunhasemijoias.com.br\/loja\/wp-json\/wp\/v2\/product\/6494","targetHints":{"allow":["GET"]}}],"collection":[{"href":"https:\/\/www.flacunhasemijoias.com.br\/loja\/wp-json\/wp\/v2\/product"}],"about":[{"href":"https:\/\/www.flacunhasemijoias.com.br\/loja\/wp-json\/wp\/v2\/types\/product"}],"wp:featuredmedia":[{"embeddable":true,"href":"https:\/\/www.flacunhasemijoias.com.br\/loja\/wp-json\/wp\/v2\/media\/6495"}],"wp:attachment":[{"href":"https:\/\/www.flacunhasemijoias.com.br\/loja\/wp-json\/wp\/v2\/media?parent=6494"}],"wp:term":[{"taxonomy":"product_brand","embeddable":true,"href":"https:\/\/www.flacunhasemijoias.com.br\/loja\/wp-json\/wp\/v2\/product_brand?post=6494"},{"taxonomy":"product_cat","embeddable":true,"href":"https:\/\/www.flacunhasemijoias.com.br\/loja\/wp-json\/wp\/v2\/product_cat?post=6494"},{"taxonomy":"product_tag","embeddable":true,"href":"https:\/\/www.flacunhasemijoias.com.br\/loja\/wp-json\/wp\/v2\/product_tag?post=6494"}],"curies":[{"name":"wp","href":"https:\/\/api.w.org\/{rel}","templated":true}]}}