{"id":6513,"date":"2025-11-11T14:25:31","date_gmt":"2025-11-11T17:25:31","guid":{"rendered":"https:\/\/www.flacunhasemijoias.com.br\/loja\/?post_type=product&#038;p=6513"},"modified":"2026-02-07T09:54:31","modified_gmt":"2026-02-07T12:54:31","slug":"colar-coracao-com-zirconias-brancas-em-prata-925-e-banho-de-ouro18k","status":"publish","type":"product","link":"https:\/\/www.flacunhasemijoias.com.br\/loja\/produto\/colar-coracao-com-zirconias-brancas-em-prata-925-e-banho-de-ouro18k\/","title":{"rendered":"Colar Cora\u00e7\u00e3o com Zirc\u00f4nias Brancas em Prata 925 e Banho de Ouro18k"},"content":{"rendered":"<p>Colar cora\u00e7\u00e3o cravejado com zirc\u00f4nias brancas em prata 925 e banho de ouro18k.<\/p>\n","protected":false},"excerpt":{"rendered":"<p>Colar cora\u00e7\u00e3o cravejado com zirc\u00f4nias brancas em prata 925 e banho de ouro18k.<\/p>\n","protected":false},"featured_media":6514,"template":"","meta":[],"product_brand":[],"product_cat":[46],"product_tag":[85,113,72,62,141,54],"class_list":{"0":"post-6513","1":"product","2":"type-product","3":"status-publish","4":"has-post-thumbnail","6":"product_cat-colares","7":"product_tag-colar","8":"product_tag-coracao","9":"product_tag-cravejado","10":"product_tag-folheado","11":"product_tag-prata-925","12":"product_tag-zirconia","14":"first","15":"outofstock","16":"shipping-taxable","17":"purchasable","18":"product-type-simple"},"aioseo_notices":[],"_links":{"self":[{"href":"https:\/\/www.flacunhasemijoias.com.br\/loja\/wp-json\/wp\/v2\/product\/6513","targetHints":{"allow":["GET"]}}],"collection":[{"href":"https:\/\/www.flacunhasemijoias.com.br\/loja\/wp-json\/wp\/v2\/product"}],"about":[{"href":"https:\/\/www.flacunhasemijoias.com.br\/loja\/wp-json\/wp\/v2\/types\/product"}],"wp:featuredmedia":[{"embeddable":true,"href":"https:\/\/www.flacunhasemijoias.com.br\/loja\/wp-json\/wp\/v2\/media\/6514"}],"wp:attachment":[{"href":"https:\/\/www.flacunhasemijoias.com.br\/loja\/wp-json\/wp\/v2\/media?parent=6513"}],"wp:term":[{"taxonomy":"product_brand","embeddable":true,"href":"https:\/\/www.flacunhasemijoias.com.br\/loja\/wp-json\/wp\/v2\/product_brand?post=6513"},{"taxonomy":"product_cat","embeddable":true,"href":"https:\/\/www.flacunhasemijoias.com.br\/loja\/wp-json\/wp\/v2\/product_cat?post=6513"},{"taxonomy":"product_tag","embeddable":true,"href":"https:\/\/www.flacunhasemijoias.com.br\/loja\/wp-json\/wp\/v2\/product_tag?post=6513"}],"curies":[{"name":"wp","href":"https:\/\/api.w.org\/{rel}","templated":true}]}}