{"id":6519,"date":"2025-11-11T17:54:32","date_gmt":"2025-11-11T20:54:32","guid":{"rendered":"https:\/\/www.flacunhasemijoias.com.br\/loja\/?post_type=product&#038;p=6519"},"modified":"2025-12-30T12:15:46","modified_gmt":"2025-12-30T15:15:46","slug":"colar-flor-madreperola-com-ponto-de-luz-em-prata-925-e-banho-de-ouro18k","status":"publish","type":"product","link":"https:\/\/www.flacunhasemijoias.com.br\/loja\/produto\/colar-flor-madreperola-com-ponto-de-luz-em-prata-925-e-banho-de-ouro18k\/","title":{"rendered":"Colar Flor Madrep\u00e9rola com Ponto de Luz em Prata 925 e Banho de Ouro18k"},"content":{"rendered":"<p>Colar Flor Madrep\u00e9rola com ponto de luz, cravejado com zirc\u00f4nias brancas ao redor, em prata 925 e banho de ouro18k.<\/p>\n","protected":false},"excerpt":{"rendered":"<p>Colar Flor Madrep\u00e9rola com ponto de luz, cravejado com zirc\u00f4nias brancas ao redor, em prata 925 e banho de ouro18k.<\/p>\n","protected":false},"featured_media":6521,"template":"","meta":[],"product_brand":[],"product_cat":[46],"product_tag":[85,72,117,62,282,141,54],"class_list":{"0":"post-6519","1":"product","2":"type-product","3":"status-publish","4":"has-post-thumbnail","6":"product_cat-colares","7":"product_tag-colar","8":"product_tag-cravejado","9":"product_tag-flor","10":"product_tag-folheado","11":"product_tag-madreperola","12":"product_tag-prata-925","13":"product_tag-zirconia","15":"first","16":"outofstock","17":"shipping-taxable","18":"purchasable","19":"product-type-simple"},"aioseo_notices":[],"_links":{"self":[{"href":"https:\/\/www.flacunhasemijoias.com.br\/loja\/wp-json\/wp\/v2\/product\/6519","targetHints":{"allow":["GET"]}}],"collection":[{"href":"https:\/\/www.flacunhasemijoias.com.br\/loja\/wp-json\/wp\/v2\/product"}],"about":[{"href":"https:\/\/www.flacunhasemijoias.com.br\/loja\/wp-json\/wp\/v2\/types\/product"}],"wp:featuredmedia":[{"embeddable":true,"href":"https:\/\/www.flacunhasemijoias.com.br\/loja\/wp-json\/wp\/v2\/media\/6521"}],"wp:attachment":[{"href":"https:\/\/www.flacunhasemijoias.com.br\/loja\/wp-json\/wp\/v2\/media?parent=6519"}],"wp:term":[{"taxonomy":"product_brand","embeddable":true,"href":"https:\/\/www.flacunhasemijoias.com.br\/loja\/wp-json\/wp\/v2\/product_brand?post=6519"},{"taxonomy":"product_cat","embeddable":true,"href":"https:\/\/www.flacunhasemijoias.com.br\/loja\/wp-json\/wp\/v2\/product_cat?post=6519"},{"taxonomy":"product_tag","embeddable":true,"href":"https:\/\/www.flacunhasemijoias.com.br\/loja\/wp-json\/wp\/v2\/product_tag?post=6519"}],"curies":[{"name":"wp","href":"https:\/\/api.w.org\/{rel}","templated":true}]}}