{"id":6538,"date":"2025-11-12T11:56:31","date_gmt":"2025-11-12T14:56:31","guid":{"rendered":"https:\/\/www.flacunhasemijoias.com.br\/loja\/?post_type=product&#038;p=6538"},"modified":"2025-12-19T10:23:13","modified_gmt":"2025-12-19T13:23:13","slug":"colar-octogono-com-madreperola-e-malaquita-banhado-a-ouro18k","status":"publish","type":"product","link":"https:\/\/www.flacunhasemijoias.com.br\/loja\/produto\/colar-octogono-com-madreperola-e-malaquita-banhado-a-ouro18k\/","title":{"rendered":"Colar Oct\u00f3gono com Madrep\u00e9rola e Malaquita em Prata e Banhado a Ouro18k."},"content":{"rendered":"<p>Colar oct\u00f3gono com madrep\u00e9rola e malaquita em prata 925 com banho de ouro 18k.<\/p>\n","protected":false},"excerpt":{"rendered":"<p>Colar oct\u00f3gono com madrep\u00e9rola e malaquita em prata 925 com banho de ouro 18k.<\/p>\n","protected":false},"featured_media":6539,"template":"","meta":[],"product_brand":[],"product_cat":[46],"product_tag":[130,85,72,62,282,256],"class_list":{"0":"post-6538","1":"product","2":"type-product","3":"status-publish","4":"has-post-thumbnail","6":"product_cat-colares","7":"product_tag-baguete","8":"product_tag-colar","9":"product_tag-cravejado","10":"product_tag-folheado","11":"product_tag-madreperola","12":"product_tag-malaquita","14":"first","15":"outofstock","16":"shipping-taxable","17":"purchasable","18":"product-type-simple"},"aioseo_notices":[],"_links":{"self":[{"href":"https:\/\/www.flacunhasemijoias.com.br\/loja\/wp-json\/wp\/v2\/product\/6538","targetHints":{"allow":["GET"]}}],"collection":[{"href":"https:\/\/www.flacunhasemijoias.com.br\/loja\/wp-json\/wp\/v2\/product"}],"about":[{"href":"https:\/\/www.flacunhasemijoias.com.br\/loja\/wp-json\/wp\/v2\/types\/product"}],"wp:featuredmedia":[{"embeddable":true,"href":"https:\/\/www.flacunhasemijoias.com.br\/loja\/wp-json\/wp\/v2\/media\/6539"}],"wp:attachment":[{"href":"https:\/\/www.flacunhasemijoias.com.br\/loja\/wp-json\/wp\/v2\/media?parent=6538"}],"wp:term":[{"taxonomy":"product_brand","embeddable":true,"href":"https:\/\/www.flacunhasemijoias.com.br\/loja\/wp-json\/wp\/v2\/product_brand?post=6538"},{"taxonomy":"product_cat","embeddable":true,"href":"https:\/\/www.flacunhasemijoias.com.br\/loja\/wp-json\/wp\/v2\/product_cat?post=6538"},{"taxonomy":"product_tag","embeddable":true,"href":"https:\/\/www.flacunhasemijoias.com.br\/loja\/wp-json\/wp\/v2\/product_tag?post=6538"}],"curies":[{"name":"wp","href":"https:\/\/api.w.org\/{rel}","templated":true}]}}