{"id":6541,"date":"2025-11-12T12:02:10","date_gmt":"2025-11-12T15:02:10","guid":{"rendered":"https:\/\/www.flacunhasemijoias.com.br\/loja\/?post_type=product&#038;p=6541"},"modified":"2026-03-10T10:41:25","modified_gmt":"2026-03-10T13:41:25","slug":"colar-espirito-santo-vazado-cravejado-com-zirconias-banhado-a-ouro18k","status":"publish","type":"product","link":"https:\/\/www.flacunhasemijoias.com.br\/loja\/produto\/colar-espirito-santo-vazado-cravejado-com-zirconias-banhado-a-ouro18k\/","title":{"rendered":"Colar Esp\u00edrito Santo Vazado Cravejado com Zirc\u00f4nias em Prata 925 com Banho de Ouro18k"},"content":{"rendered":"<p>Colar Esp\u00edrito Santo vazado cravejado com zirc\u00f4nias brancas em prata 925, banhado a ouro18k.<\/p>\n","protected":false},"excerpt":{"rendered":"<p>Colar Esp\u00edrito Santo vazado cravejado com zirc\u00f4nias brancas em prata 925, banhado a ouro18k.<\/p>\n","protected":false},"featured_media":6542,"template":"","meta":[],"product_brand":[],"product_cat":[46],"product_tag":[85,72,201,62,54],"class_list":{"0":"post-6541","1":"product","2":"type-product","3":"status-publish","4":"has-post-thumbnail","6":"product_cat-colares","7":"product_tag-colar","8":"product_tag-cravejado","9":"product_tag-espirito-santo","10":"product_tag-folheado","11":"product_tag-zirconia","13":"first","14":"outofstock","15":"shipping-taxable","16":"purchasable","17":"product-type-simple"},"aioseo_notices":[],"_links":{"self":[{"href":"https:\/\/www.flacunhasemijoias.com.br\/loja\/wp-json\/wp\/v2\/product\/6541","targetHints":{"allow":["GET"]}}],"collection":[{"href":"https:\/\/www.flacunhasemijoias.com.br\/loja\/wp-json\/wp\/v2\/product"}],"about":[{"href":"https:\/\/www.flacunhasemijoias.com.br\/loja\/wp-json\/wp\/v2\/types\/product"}],"wp:featuredmedia":[{"embeddable":true,"href":"https:\/\/www.flacunhasemijoias.com.br\/loja\/wp-json\/wp\/v2\/media\/6542"}],"wp:attachment":[{"href":"https:\/\/www.flacunhasemijoias.com.br\/loja\/wp-json\/wp\/v2\/media?parent=6541"}],"wp:term":[{"taxonomy":"product_brand","embeddable":true,"href":"https:\/\/www.flacunhasemijoias.com.br\/loja\/wp-json\/wp\/v2\/product_brand?post=6541"},{"taxonomy":"product_cat","embeddable":true,"href":"https:\/\/www.flacunhasemijoias.com.br\/loja\/wp-json\/wp\/v2\/product_cat?post=6541"},{"taxonomy":"product_tag","embeddable":true,"href":"https:\/\/www.flacunhasemijoias.com.br\/loja\/wp-json\/wp\/v2\/product_tag?post=6541"}],"curies":[{"name":"wp","href":"https:\/\/api.w.org\/{rel}","templated":true}]}}