{"id":6558,"date":"2025-11-12T13:17:43","date_gmt":"2025-11-12T16:17:43","guid":{"rendered":"https:\/\/www.flacunhasemijoias.com.br\/loja\/?post_type=product&#038;p=6558"},"modified":"2025-11-12T13:17:43","modified_gmt":"2025-11-12T16:17:43","slug":"colar-coracao-cravejado-com-zirconias-brancas-em-prata-925","status":"publish","type":"product","link":"https:\/\/www.flacunhasemijoias.com.br\/loja\/produto\/colar-coracao-cravejado-com-zirconias-brancas-em-prata-925\/","title":{"rendered":"Colar Cora\u00e7\u00e3o Cravejado com Zirc\u00f4nias Brancas em Prata 925"},"content":{"rendered":"<p>Colar cora\u00e7\u00e3o cravejado com zirc\u00f4nias brancas, em prata 925.<\/p>\n","protected":false},"excerpt":{"rendered":"<p>Colar cora\u00e7\u00e3o cravejado com zirc\u00f4nias brancas, em prata 925.<\/p>\n","protected":false},"featured_media":6559,"template":"","meta":[],"product_brand":[],"product_cat":[46],"product_tag":[85,113,72,141,54],"class_list":{"0":"post-6558","1":"product","2":"type-product","3":"status-publish","4":"has-post-thumbnail","6":"product_cat-colares","7":"product_tag-colar","8":"product_tag-coracao","9":"product_tag-cravejado","10":"product_tag-prata-925","11":"product_tag-zirconia","13":"first","14":"instock","15":"shipping-taxable","16":"purchasable","17":"product-type-simple"},"aioseo_notices":[],"_links":{"self":[{"href":"https:\/\/www.flacunhasemijoias.com.br\/loja\/wp-json\/wp\/v2\/product\/6558","targetHints":{"allow":["GET"]}}],"collection":[{"href":"https:\/\/www.flacunhasemijoias.com.br\/loja\/wp-json\/wp\/v2\/product"}],"about":[{"href":"https:\/\/www.flacunhasemijoias.com.br\/loja\/wp-json\/wp\/v2\/types\/product"}],"wp:featuredmedia":[{"embeddable":true,"href":"https:\/\/www.flacunhasemijoias.com.br\/loja\/wp-json\/wp\/v2\/media\/6559"}],"wp:attachment":[{"href":"https:\/\/www.flacunhasemijoias.com.br\/loja\/wp-json\/wp\/v2\/media?parent=6558"}],"wp:term":[{"taxonomy":"product_brand","embeddable":true,"href":"https:\/\/www.flacunhasemijoias.com.br\/loja\/wp-json\/wp\/v2\/product_brand?post=6558"},{"taxonomy":"product_cat","embeddable":true,"href":"https:\/\/www.flacunhasemijoias.com.br\/loja\/wp-json\/wp\/v2\/product_cat?post=6558"},{"taxonomy":"product_tag","embeddable":true,"href":"https:\/\/www.flacunhasemijoias.com.br\/loja\/wp-json\/wp\/v2\/product_tag?post=6558"}],"curies":[{"name":"wp","href":"https:\/\/api.w.org\/{rel}","templated":true}]}}