{"id":6561,"date":"2025-11-12T13:21:43","date_gmt":"2025-11-12T16:21:43","guid":{"rendered":"https:\/\/www.flacunhasemijoias.com.br\/loja\/?post_type=product&#038;p=6561"},"modified":"2026-01-23T10:46:20","modified_gmt":"2026-01-23T13:46:20","slug":"colar-coracao-turquesa-em-prata-925","status":"publish","type":"product","link":"https:\/\/www.flacunhasemijoias.com.br\/loja\/produto\/colar-coracao-turquesa-em-prata-925\/","title":{"rendered":"Colar Cora\u00e7\u00e3o Turquesa em Prata 925"},"content":{"rendered":"<p>Corrente elos\u00a0 cora\u00e7\u00e3o turquesa com crava\u00e7\u00e3o de zirc\u00f4nias brancas ao redor, em prata 925.<\/p>\n","protected":false},"excerpt":{"rendered":"<p>Corrente elos\u00a0 cora\u00e7\u00e3o turquesa com crava\u00e7\u00e3o de zirc\u00f4nias brancas ao redor, em prata 925.<\/p>\n","protected":false},"featured_media":6562,"template":"","meta":[],"product_brand":[],"product_cat":[46],"product_tag":[149,85,113,72,141,54],"class_list":{"0":"post-6561","1":"product","2":"type-product","3":"status-publish","4":"has-post-thumbnail","6":"product_cat-colares","7":"product_tag-azul-turquesa","8":"product_tag-colar","9":"product_tag-coracao","10":"product_tag-cravejado","11":"product_tag-prata-925","12":"product_tag-zirconia","14":"first","15":"outofstock","16":"shipping-taxable","17":"purchasable","18":"product-type-simple"},"aioseo_notices":[],"_links":{"self":[{"href":"https:\/\/www.flacunhasemijoias.com.br\/loja\/wp-json\/wp\/v2\/product\/6561","targetHints":{"allow":["GET"]}}],"collection":[{"href":"https:\/\/www.flacunhasemijoias.com.br\/loja\/wp-json\/wp\/v2\/product"}],"about":[{"href":"https:\/\/www.flacunhasemijoias.com.br\/loja\/wp-json\/wp\/v2\/types\/product"}],"wp:featuredmedia":[{"embeddable":true,"href":"https:\/\/www.flacunhasemijoias.com.br\/loja\/wp-json\/wp\/v2\/media\/6562"}],"wp:attachment":[{"href":"https:\/\/www.flacunhasemijoias.com.br\/loja\/wp-json\/wp\/v2\/media?parent=6561"}],"wp:term":[{"taxonomy":"product_brand","embeddable":true,"href":"https:\/\/www.flacunhasemijoias.com.br\/loja\/wp-json\/wp\/v2\/product_brand?post=6561"},{"taxonomy":"product_cat","embeddable":true,"href":"https:\/\/www.flacunhasemijoias.com.br\/loja\/wp-json\/wp\/v2\/product_cat?post=6561"},{"taxonomy":"product_tag","embeddable":true,"href":"https:\/\/www.flacunhasemijoias.com.br\/loja\/wp-json\/wp\/v2\/product_tag?post=6561"}],"curies":[{"name":"wp","href":"https:\/\/api.w.org\/{rel}","templated":true}]}}