{"id":6564,"date":"2025-11-12T13:27:37","date_gmt":"2025-11-12T16:27:37","guid":{"rendered":"https:\/\/www.flacunhasemijoias.com.br\/loja\/?post_type=product&#038;p=6564"},"modified":"2026-02-07T09:53:00","modified_gmt":"2026-02-07T12:53:00","slug":"colar-coracao-malaquita-em-prata-925","status":"publish","type":"product","link":"https:\/\/www.flacunhasemijoias.com.br\/loja\/produto\/colar-coracao-malaquita-em-prata-925\/","title":{"rendered":"Colar com Cora\u00e7\u00e3o Esmaltado em Malaquita em Prata 925"},"content":{"rendered":"<p>Corrente elos portugueses com cora\u00e7\u00e3o esmaltado em malaquita cravejado com zirc\u00f4nias brancas ao redor, em prata 925.<\/p>\n","protected":false},"excerpt":{"rendered":"<p>Corrente elos portugueses com cora\u00e7\u00e3o esmaltado em malaquita cravejado com zirc\u00f4nias brancas ao redor, em prata 925.<\/p>\n","protected":false},"featured_media":6565,"template":"","meta":[],"product_brand":[],"product_cat":[46],"product_tag":[85,113,72,256,141],"class_list":{"0":"post-6564","1":"product","2":"type-product","3":"status-publish","4":"has-post-thumbnail","6":"product_cat-colares","7":"product_tag-colar","8":"product_tag-coracao","9":"product_tag-cravejado","10":"product_tag-malaquita","11":"product_tag-prata-925","13":"first","14":"outofstock","15":"shipping-taxable","16":"purchasable","17":"product-type-simple"},"aioseo_notices":[],"_links":{"self":[{"href":"https:\/\/www.flacunhasemijoias.com.br\/loja\/wp-json\/wp\/v2\/product\/6564","targetHints":{"allow":["GET"]}}],"collection":[{"href":"https:\/\/www.flacunhasemijoias.com.br\/loja\/wp-json\/wp\/v2\/product"}],"about":[{"href":"https:\/\/www.flacunhasemijoias.com.br\/loja\/wp-json\/wp\/v2\/types\/product"}],"wp:featuredmedia":[{"embeddable":true,"href":"https:\/\/www.flacunhasemijoias.com.br\/loja\/wp-json\/wp\/v2\/media\/6565"}],"wp:attachment":[{"href":"https:\/\/www.flacunhasemijoias.com.br\/loja\/wp-json\/wp\/v2\/media?parent=6564"}],"wp:term":[{"taxonomy":"product_brand","embeddable":true,"href":"https:\/\/www.flacunhasemijoias.com.br\/loja\/wp-json\/wp\/v2\/product_brand?post=6564"},{"taxonomy":"product_cat","embeddable":true,"href":"https:\/\/www.flacunhasemijoias.com.br\/loja\/wp-json\/wp\/v2\/product_cat?post=6564"},{"taxonomy":"product_tag","embeddable":true,"href":"https:\/\/www.flacunhasemijoias.com.br\/loja\/wp-json\/wp\/v2\/product_tag?post=6564"}],"curies":[{"name":"wp","href":"https:\/\/api.w.org\/{rel}","templated":true}]}}